{"id":1651,"date":"2023-03-06T11:03:21","date_gmt":"2023-03-06T10:03:21","guid":{"rendered":"https:\/\/www.camping-les-micocouliers-provence.fr\/kontakt-zugaenge\/"},"modified":"2026-03-30T11:41:53","modified_gmt":"2026-03-30T09:41:53","slug":"kontakt-zugaenge","status":"publish","type":"page","link":"https:\/\/www.camping-les-micocouliers-provence.fr\/de\/kontakt-zugaenge\/","title":{"rendered":"Kontakt und Zugang"},"content":{"rendered":"<section id=\"ls-section-block_e03f07d0ae7177179bf89ee1d7c3944c\" class=\"ls-section \" >\n        <div class=\"container \">\n        \n\n<h1 class=\"ls__heading wp-block-heading has-text-align-center\" id=\"h-contact-et-acces\">Kontakt und Zugang<\/h1>\n\n\n    <\/div>\n<\/section><section id=\"ls-section-block_fa07f9c0d158db1d10a9ff815e557f4b\" class=\"ls-section  has-background has-color-3-background-color has-p-t p-t-11\" >\n        <div class=\"container container--wide\">\n        \n\n<div class=\"wp-block-columns is-layout-flex wp-container-core-columns-is-layout-9d6595d7 wp-block-columns-is-layout-flex\">\n<div class=\"wp-block-column is-vertically-aligned-top is-layout-flow wp-block-column-is-layout-flow\">\n<h2 class=\"ls__heading wp-block-heading has-text-align-center\" id=\"h-contacter-le-camping\">Den Campingplatz kontaktieren<\/h2>\n\n\n\n<p class=\"ls-paragraph\">Wenn Sie Fragen haben oder eine Reservierung vornehmen m\u00f6chten, k\u00f6nnen Sie uns per :<\/p>\n\n\n\n<p class=\"ls-paragraph\">Sie k\u00f6nnen alle Verf\u00fcgbarkeiten direkt online abfragen.<\/p>\n<\/div>\n\n\n\n<div class=\"wp-block-column is-layout-flow wp-block-column-is-layout-flow\">\n<div class=\"wpcf7 no-js\" id=\"wpcf7-f6-o1\" lang=\"fr-FR\" dir=\"ltr\" data-wpcf7-id=\"6\">\n<div class=\"screen-reader-response\"><p role=\"status\" aria-live=\"polite\" aria-atomic=\"true\"><\/p> <ul><\/ul><\/div>\n<form action=\"\/de\/wp-json\/wp\/v2\/pages\/1651#wpcf7-f6-o1\" method=\"post\" class=\"wpcf7-form init\" aria-label=\"Formulaire de contact\" novalidate=\"novalidate\" data-status=\"init\">\n<fieldset class=\"hidden-fields-container\"><input type=\"hidden\" name=\"_wpcf7\" value=\"6\" \/><input type=\"hidden\" name=\"_wpcf7_version\" value=\"6.1\" \/><input type=\"hidden\" name=\"_wpcf7_locale\" value=\"fr_FR\" \/><input type=\"hidden\" name=\"_wpcf7_unit_tag\" value=\"wpcf7-f6-o1\" \/><input type=\"hidden\" name=\"_wpcf7_container_post\" value=\"0\" \/><input type=\"hidden\" name=\"_wpcf7_posted_data_hash\" value=\"\" \/><input type=\"hidden\" name=\"_wpcf7_recaptcha_response\" value=\"\" \/>\n<\/fieldset>\n<div class=\"row\">\n\t<p><label> Votre nom<br \/>\n<span class=\"wpcf7-form-control-wrap\" data-name=\"your-name\"><input size=\"40\" maxlength=\"400\" class=\"wpcf7-form-control wpcf7-text wpcf7-validates-as-required\" autocomplete=\"nom\" aria-required=\"true\" aria-invalid=\"false\" value=\"\" type=\"text\" name=\"your-name\" \/><\/span> <\/label>\n\t<\/p>\n\t<p><label> Votre e-mail<br \/>\n<span class=\"wpcf7-form-control-wrap\" data-name=\"your-email\"><input size=\"40\" maxlength=\"400\" class=\"wpcf7-form-control wpcf7-email wpcf7-validates-as-required wpcf7-text wpcf7-validates-as-email\" autocomplete=\"email\" aria-required=\"true\" aria-invalid=\"false\" value=\"\" type=\"email\" name=\"your-email\" \/><\/span> <\/label>\n\t<\/p>\n\t<p><label> Sujet<br \/>\n<span class=\"wpcf7-form-control-wrap\" data-name=\"your-subject\"><input size=\"40\" maxlength=\"400\" class=\"wpcf7-form-control wpcf7-text wpcf7-validates-as-required\" aria-required=\"true\" aria-invalid=\"false\" value=\"\" type=\"text\" name=\"your-subject\" \/><\/span> <\/label>\n\t<\/p>\n<\/div>\n<p><label> Votre message<br \/>\n<span class=\"wpcf7-form-control-wrap\" data-name=\"your-message\"><textarea cols=\"40\" rows=\"10\" maxlength=\"2000\" class=\"wpcf7-form-control wpcf7-textarea\" aria-invalid=\"false\" name=\"your-message\"><\/textarea><\/span> <\/label>\n<\/p>\n<p><span class=\"wpcf7-form-control-wrap\" data-name=\"acceptance-553\"><span class=\"wpcf7-form-control wpcf7-acceptance\"><span class=\"wpcf7-list-item\"><label><input type=\"checkbox\" name=\"acceptance-553\" value=\"1\" aria-invalid=\"false\" \/><span class=\"wpcf7-list-item-label\">En cochant cette case, j'accepte la <a href=\"\/politique-de-confidentialite\/\" rel=\"nofollow\" target=\"_blank\">Politique de confidentialit\u00e9<\/a> de ce site.<\/span><\/label><\/span><\/span><\/span>\n<\/p>\n<p><input class=\"wpcf7-form-control wpcf7-submit has-spinner\" type=\"submit\" value=\"Envoyer\" \/>\n<\/p><div class=\"wpcf7-response-output\" aria-hidden=\"true\"><\/div>\n<\/form>\n<\/div>\n\n<\/div>\n<\/div>\n\n\n    <\/div>\n<\/section><section id=\"ls-section-block_b55a00f4fdc50bdb219f1e9099f1b922\" class=\"ls-section \" >\n        <div class=\"container container--full\">\n        \n\n<div class=\"wp-block-columns is-layout-flex wp-container-core-columns-is-layout-9d6595d7 wp-block-columns-is-layout-flex\">\n<div class=\"wp-block-column is-layout-flow wp-block-column-is-layout-flow\">\n<iframe src=\"https:\/\/www.google.com\/maps\/embed?pb=!1m14!1m8!1m3!1d141913.3449498597!2d4.694027871876488!3d43.88469523209804!3m2!1i1024!2i768!4f13.1!3m3!1m2!1s0x12b5e87aaaaaaaab%3A0xc074f8b4bd71dd52!2sLes%20Micocouliers!5e0!3m2!1sfr!2sfr!4v1677656534240!5m2!1sfr!2sfr\" width=\"100%\" height=\"600\" style=\"border:0;\" allowfullscreen=\"\" loading=\"lazy\" referrerpolicy=\"no-referrer-when-downgrade\"><\/iframe>\n<\/div>\n\n\n\n<div class=\"wp-block-column is-vertically-aligned-center is-layout-flow wp-block-column-is-layout-flow\">\n<h2 class=\"ls__heading wp-block-heading has-text-align-left\" id=\"h-accedez-au-camping\">Zugang zum Campingplatz<\/h2>\n\n\n\n<p class=\"ls-paragraph\">Um bis zum <a href=\"https:\/\/www.camping-les-micocouliers-provence.fr\/de\/\">Campingplatz Les Micocouliers ***<\/a> Graveson en Provence zu kommen.<\/p>\n\n\n\n<h3 class=\"ls__heading wp-block-heading\" id=\"h-acces-nbsp\">Zugang <\/h3>\n\n\n\n<p class=\"ls-paragraph\">Von der Autobahn A7 kommend Nehmen Sie die Ausfahrt Avignon Sud, dann D28 Richtung Ch\u00e2teaurenard, dann Graveson, Der Campingplatz liegt zwischen Graveson und Maillane an der Stra\u00dfe CD 5. <\/p>\n\n\n\n<h3 class=\"ls__heading wp-block-heading\" id=\"h-situation-nbsp\">Lage <\/h3>\n\n\n\n<p class=\"ls-paragraph\">Entre Graveson et Maillane, les Alpilles et la Montagnette, le Camping les Micocouliers vous propose de vous arr\u00eater pour approfondir la Provence. Vous d\u00e9couvrirez le climat agr\u00e9able, le pays d\u2019Arles, d\u2019Avignon, <a href=\"https:\/\/www.lesbauxdeprovence.com\" target=\"_blank\" rel=\"noreferrer noopener\">les Baux de Provence<\/a> et la Camargue.<\/p>\n<\/div>\n<\/div>\n\n\n    <\/div>\n<\/section>","protected":false},"excerpt":{"rendered":"","protected":false},"author":1,"featured_media":1599,"parent":0,"menu_order":0,"comment_status":"closed","ping_status":"closed","template":"","meta":{"_acf_changed":false,"footnotes":""},"sujet":[],"class_list":["post-1651","page","type-page","status-publish","has-post-thumbnail","hentry"],"acf":[],"yoast_head":"<!-- This site is optimized with the Yoast SEO Premium plugin v25.9 (Yoast SEO v25.9) - https:\/\/yoast.com\/wordpress\/plugins\/seo\/ -->\n<title>Kontakt in der N\u00e4he von Avignon | Anfahrtsbeschreibung zum Campingplatz Provence<\/title>\n<meta name=\"description\" content=\"Kontaktieren Campingplatz Les Micocouliers Sarah: +33 (0)4 90 95 81 49 Campingplatz in Graveson, 10 km Saint-R\u00e9my-de-Provence 15 km Avignon\" \/>\n<meta name=\"robots\" content=\"index, follow, max-snippet:-1, max-image-preview:large, max-video-preview:-1\" \/>\n<link rel=\"canonical\" href=\"https:\/\/www.camping-les-micocouliers-provence.fr\/de\/kontakt-zugaenge\/\" \/>\n<meta property=\"og:locale\" content=\"de_DE\" \/>\n<meta property=\"og:type\" content=\"article\" \/>\n<meta property=\"og:title\" content=\"Kontakt und Zugang\" \/>\n<meta property=\"og:description\" content=\"Kontaktieren Campingplatz Les Micocouliers Sarah: +33 (0)4 90 95 81 49 Campingplatz in Graveson, 10 km Saint-R\u00e9my-de-Provence 15 km Avignon\" \/>\n<meta property=\"og:url\" content=\"https:\/\/www.camping-les-micocouliers-provence.fr\/de\/kontakt-zugaenge\/\" \/>\n<meta property=\"og:site_name\" content=\"Camping Les Micocouliers\" \/>\n<meta property=\"article:publisher\" content=\"https:\/\/www.facebook.com\/lesmicocouliersgraveson\/\" \/>\n<meta property=\"article:modified_time\" content=\"2026-03-30T09:41:53+00:00\" \/>\n<meta property=\"og:image\" content=\"https:\/\/www.camping-les-micocouliers-provence.fr\/wp-content\/uploads\/2023\/02\/vacances-avignon-1.jpg\" \/>\n\t<meta property=\"og:image:width\" content=\"1904\" \/>\n\t<meta property=\"og:image:height\" content=\"598\" \/>\n\t<meta property=\"og:image:type\" content=\"image\/jpeg\" \/>\n<meta name=\"twitter:card\" content=\"summary_large_image\" \/>\n<meta name=\"twitter:label1\" content=\"Gesch\u00e4tzte Lesezeit\" \/>\n\t<meta name=\"twitter:data1\" content=\"2\u00a0Minuten\" \/>\n<script type=\"application\/ld+json\" class=\"yoast-schema-graph\">{\"@context\":\"https:\/\/schema.org\",\"@graph\":[{\"@type\":\"WebPage\",\"@id\":\"https:\/\/www.camping-les-micocouliers-provence.fr\/de\/kontakt-zugaenge\/\",\"url\":\"https:\/\/www.camping-les-micocouliers-provence.fr\/de\/kontakt-zugaenge\/\",\"name\":\"Kontakt in der N\u00e4he von Avignon | Anfahrtsbeschreibung zum Campingplatz Provence\",\"isPartOf\":{\"@id\":\"https:\/\/www.camping-les-micocouliers-provence.fr\/#website\"},\"primaryImageOfPage\":{\"@id\":\"https:\/\/www.camping-les-micocouliers-provence.fr\/de\/kontakt-zugaenge\/#primaryimage\"},\"image\":{\"@id\":\"https:\/\/www.camping-les-micocouliers-provence.fr\/de\/kontakt-zugaenge\/#primaryimage\"},\"thumbnailUrl\":\"https:\/\/www.camping-les-micocouliers-provence.fr\/wp-content\/uploads\/2023\/02\/vacances-avignon-1.jpg\",\"datePublished\":\"2023-03-06T10:03:21+00:00\",\"dateModified\":\"2026-03-30T09:41:53+00:00\",\"description\":\"Kontaktieren Campingplatz Les Micocouliers Sarah: +33 (0)4 90 95 81 49 Campingplatz in Graveson, 10 km Saint-R\u00e9my-de-Provence 15 km Avignon\",\"breadcrumb\":{\"@id\":\"https:\/\/www.camping-les-micocouliers-provence.fr\/de\/kontakt-zugaenge\/#breadcrumb\"},\"inLanguage\":\"de\",\"potentialAction\":[{\"@type\":\"ReadAction\",\"target\":[\"https:\/\/www.camping-les-micocouliers-provence.fr\/de\/kontakt-zugaenge\/\"]}]},{\"@type\":\"ImageObject\",\"inLanguage\":\"de\",\"@id\":\"https:\/\/www.camping-les-micocouliers-provence.fr\/de\/kontakt-zugaenge\/#primaryimage\",\"url\":\"https:\/\/www.camping-les-micocouliers-provence.fr\/wp-content\/uploads\/2023\/02\/vacances-avignon-1.jpg\",\"contentUrl\":\"https:\/\/www.camping-les-micocouliers-provence.fr\/wp-content\/uploads\/2023\/02\/vacances-avignon-1.jpg\",\"width\":1904,\"height\":598,\"caption\":\"vacances avignon\"},{\"@type\":\"BreadcrumbList\",\"@id\":\"https:\/\/www.camping-les-micocouliers-provence.fr\/de\/kontakt-zugaenge\/#breadcrumb\",\"itemListElement\":[{\"@type\":\"ListItem\",\"position\":1,\"name\":\"Camping Provence\",\"item\":\"https:\/\/www.camping-les-micocouliers-provence.fr\/de\/\"},{\"@type\":\"ListItem\",\"position\":2,\"name\":\"Kontakt und Wegbeschreibung\"}]},{\"@type\":\"WebSite\",\"@id\":\"https:\/\/www.camping-les-micocouliers-provence.fr\/#website\",\"url\":\"https:\/\/www.camping-les-micocouliers-provence.fr\/\",\"name\":\"Camping Les Micocouliers\",\"description\":\"\",\"publisher\":{\"@id\":\"https:\/\/www.camping-les-micocouliers-provence.fr\/#organization\"},\"potentialAction\":[{\"@type\":\"SearchAction\",\"target\":{\"@type\":\"EntryPoint\",\"urlTemplate\":\"https:\/\/www.camping-les-micocouliers-provence.fr\/?s={search_term_string}\"},\"query-input\":{\"@type\":\"PropertyValueSpecification\",\"valueRequired\":true,\"valueName\":\"search_term_string\"}}],\"inLanguage\":\"de\"},{\"@type\":\"Organization\",\"@id\":\"https:\/\/www.camping-les-micocouliers-provence.fr\/#organization\",\"name\":\"Camping Les Micocouliers\",\"url\":\"https:\/\/www.camping-les-micocouliers-provence.fr\/\",\"logo\":{\"@type\":\"ImageObject\",\"inLanguage\":\"de\",\"@id\":\"https:\/\/www.camping-les-micocouliers-provence.fr\/#\/schema\/logo\/image\/\",\"url\":\"https:\/\/www.camping-les-micocouliers-provence.fr\/wp-content\/uploads\/2023\/01\/cropped-cropped-logo-camping-micocouliers.png\",\"contentUrl\":\"https:\/\/www.camping-les-micocouliers-provence.fr\/wp-content\/uploads\/2023\/01\/cropped-cropped-logo-camping-micocouliers.png\",\"width\":1584,\"height\":622,\"caption\":\"Camping Les Micocouliers\"},\"image\":{\"@id\":\"https:\/\/www.camping-les-micocouliers-provence.fr\/#\/schema\/logo\/image\/\"},\"sameAs\":[\"https:\/\/www.facebook.com\/lesmicocouliersgraveson\/\",\"https:\/\/www.instagram.com\/camping_les_micocouliers\/\",\"https:\/\/www.tiktok.com\/@camping_les_micocouliers\"]}]}<\/script>\n<!-- \/ Yoast SEO Premium plugin. -->","yoast_head_json":{"title":"Kontakt in der N\u00e4he von Avignon | Anfahrtsbeschreibung zum Campingplatz Provence","description":"Kontaktieren Campingplatz Les Micocouliers Sarah: +33 (0)4 90 95 81 49 Campingplatz in Graveson, 10 km Saint-R\u00e9my-de-Provence 15 km Avignon","robots":{"index":"index","follow":"follow","max-snippet":"max-snippet:-1","max-image-preview":"max-image-preview:large","max-video-preview":"max-video-preview:-1"},"canonical":"https:\/\/www.camping-les-micocouliers-provence.fr\/de\/kontakt-zugaenge\/","og_locale":"de_DE","og_type":"article","og_title":"Kontakt und Zugang","og_description":"Kontaktieren Campingplatz Les Micocouliers Sarah: +33 (0)4 90 95 81 49 Campingplatz in Graveson, 10 km Saint-R\u00e9my-de-Provence 15 km Avignon","og_url":"https:\/\/www.camping-les-micocouliers-provence.fr\/de\/kontakt-zugaenge\/","og_site_name":"Camping Les Micocouliers","article_publisher":"https:\/\/www.facebook.com\/lesmicocouliersgraveson\/","article_modified_time":"2026-03-30T09:41:53+00:00","og_image":[{"width":1904,"height":598,"url":"https:\/\/www.camping-les-micocouliers-provence.fr\/wp-content\/uploads\/2023\/02\/vacances-avignon-1.jpg","type":"image\/jpeg"}],"twitter_card":"summary_large_image","twitter_misc":{"Gesch\u00e4tzte Lesezeit":"2\u00a0Minuten"},"schema":{"@context":"https:\/\/schema.org","@graph":[{"@type":"WebPage","@id":"https:\/\/www.camping-les-micocouliers-provence.fr\/de\/kontakt-zugaenge\/","url":"https:\/\/www.camping-les-micocouliers-provence.fr\/de\/kontakt-zugaenge\/","name":"Kontakt in der N\u00e4he von Avignon | Anfahrtsbeschreibung zum Campingplatz Provence","isPartOf":{"@id":"https:\/\/www.camping-les-micocouliers-provence.fr\/#website"},"primaryImageOfPage":{"@id":"https:\/\/www.camping-les-micocouliers-provence.fr\/de\/kontakt-zugaenge\/#primaryimage"},"image":{"@id":"https:\/\/www.camping-les-micocouliers-provence.fr\/de\/kontakt-zugaenge\/#primaryimage"},"thumbnailUrl":"https:\/\/www.camping-les-micocouliers-provence.fr\/wp-content\/uploads\/2023\/02\/vacances-avignon-1.jpg","datePublished":"2023-03-06T10:03:21+00:00","dateModified":"2026-03-30T09:41:53+00:00","description":"Kontaktieren Campingplatz Les Micocouliers Sarah: +33 (0)4 90 95 81 49 Campingplatz in Graveson, 10 km Saint-R\u00e9my-de-Provence 15 km Avignon","breadcrumb":{"@id":"https:\/\/www.camping-les-micocouliers-provence.fr\/de\/kontakt-zugaenge\/#breadcrumb"},"inLanguage":"de","potentialAction":[{"@type":"ReadAction","target":["https:\/\/www.camping-les-micocouliers-provence.fr\/de\/kontakt-zugaenge\/"]}]},{"@type":"ImageObject","inLanguage":"de","@id":"https:\/\/www.camping-les-micocouliers-provence.fr\/de\/kontakt-zugaenge\/#primaryimage","url":"https:\/\/www.camping-les-micocouliers-provence.fr\/wp-content\/uploads\/2023\/02\/vacances-avignon-1.jpg","contentUrl":"https:\/\/www.camping-les-micocouliers-provence.fr\/wp-content\/uploads\/2023\/02\/vacances-avignon-1.jpg","width":1904,"height":598,"caption":"vacances avignon"},{"@type":"BreadcrumbList","@id":"https:\/\/www.camping-les-micocouliers-provence.fr\/de\/kontakt-zugaenge\/#breadcrumb","itemListElement":[{"@type":"ListItem","position":1,"name":"Camping Provence","item":"https:\/\/www.camping-les-micocouliers-provence.fr\/de\/"},{"@type":"ListItem","position":2,"name":"Kontakt und Wegbeschreibung"}]},{"@type":"WebSite","@id":"https:\/\/www.camping-les-micocouliers-provence.fr\/#website","url":"https:\/\/www.camping-les-micocouliers-provence.fr\/","name":"Camping Les Micocouliers","description":"","publisher":{"@id":"https:\/\/www.camping-les-micocouliers-provence.fr\/#organization"},"potentialAction":[{"@type":"SearchAction","target":{"@type":"EntryPoint","urlTemplate":"https:\/\/www.camping-les-micocouliers-provence.fr\/?s={search_term_string}"},"query-input":{"@type":"PropertyValueSpecification","valueRequired":true,"valueName":"search_term_string"}}],"inLanguage":"de"},{"@type":"Organization","@id":"https:\/\/www.camping-les-micocouliers-provence.fr\/#organization","name":"Camping Les Micocouliers","url":"https:\/\/www.camping-les-micocouliers-provence.fr\/","logo":{"@type":"ImageObject","inLanguage":"de","@id":"https:\/\/www.camping-les-micocouliers-provence.fr\/#\/schema\/logo\/image\/","url":"https:\/\/www.camping-les-micocouliers-provence.fr\/wp-content\/uploads\/2023\/01\/cropped-cropped-logo-camping-micocouliers.png","contentUrl":"https:\/\/www.camping-les-micocouliers-provence.fr\/wp-content\/uploads\/2023\/01\/cropped-cropped-logo-camping-micocouliers.png","width":1584,"height":622,"caption":"Camping Les Micocouliers"},"image":{"@id":"https:\/\/www.camping-les-micocouliers-provence.fr\/#\/schema\/logo\/image\/"},"sameAs":["https:\/\/www.facebook.com\/lesmicocouliersgraveson\/","https:\/\/www.instagram.com\/camping_les_micocouliers\/","https:\/\/www.tiktok.com\/@camping_les_micocouliers"]}]}},"_links":{"self":[{"href":"https:\/\/www.camping-les-micocouliers-provence.fr\/de\/wp-json\/wp\/v2\/pages\/1651","targetHints":{"allow":["GET"]}}],"collection":[{"href":"https:\/\/www.camping-les-micocouliers-provence.fr\/de\/wp-json\/wp\/v2\/pages"}],"about":[{"href":"https:\/\/www.camping-les-micocouliers-provence.fr\/de\/wp-json\/wp\/v2\/types\/page"}],"author":[{"embeddable":true,"href":"https:\/\/www.camping-les-micocouliers-provence.fr\/de\/wp-json\/wp\/v2\/users\/1"}],"replies":[{"embeddable":true,"href":"https:\/\/www.camping-les-micocouliers-provence.fr\/de\/wp-json\/wp\/v2\/comments?post=1651"}],"version-history":[{"count":10,"href":"https:\/\/www.camping-les-micocouliers-provence.fr\/de\/wp-json\/wp\/v2\/pages\/1651\/revisions"}],"predecessor-version":[{"id":2762,"href":"https:\/\/www.camping-les-micocouliers-provence.fr\/de\/wp-json\/wp\/v2\/pages\/1651\/revisions\/2762"}],"wp:featuredmedia":[{"embeddable":true,"href":"https:\/\/www.camping-les-micocouliers-provence.fr\/de\/wp-json\/wp\/v2\/media\/1599"}],"wp:attachment":[{"href":"https:\/\/www.camping-les-micocouliers-provence.fr\/de\/wp-json\/wp\/v2\/media?parent=1651"}],"wp:term":[{"taxonomy":"sujet","embeddable":true,"href":"https:\/\/www.camping-les-micocouliers-provence.fr\/de\/wp-json\/wp\/v2\/sujet?post=1651"}],"curies":[{"name":"wp","href":"https:\/\/api.w.org\/{rel}","templated":true}]}}