{"id":1706,"date":"2023-03-06T12:18:01","date_gmt":"2023-03-06T11:18:01","guid":{"rendered":"https:\/\/www.camping-les-micocouliers-provence.fr\/camping-piscine-chauffee-avignon\/"},"modified":"2024-10-27T15:11:28","modified_gmt":"2024-10-27T14:11:28","slug":"camping-pool-provence","status":"publish","type":"page","link":"https:\/\/www.camping-les-micocouliers-provence.fr\/de\/camping-pool-provence\/","title":{"rendered":"Espace aquatique"},"content":{"rendered":"<section id=\"ls-section-block_b343b77b0c9efc704abbb6b9d06e0dfa\" class=\"ls-section  page-chapeau has-p-b p-b-0\" >\n        <div class=\"container \">\n        \n\n<h1 class=\"ls__heading wp-block-heading has-text-align-center\" id=\"h-campingplatz-mit-schwimmbad-in-der-nahe-von-avignon\">Campingplatz mit Schwimmbad <br><strong>in der N\u00e4he von Avignon<\/strong><\/h1>\n\n\n    <\/div>\n<\/section>\n\n<section id=\"ls-section-block_79759cb1d7aab666dffbd7b492766452\" class=\"ls-section  page-one has-p-b p-b-14\" >\n        <div class=\"container container--wide\">\n        \n\n<div class=\"wp-block-columns is-layout-flex wp-container-core-columns-is-layout-9d6595d7 wp-block-columns-is-layout-flex\">\n<div class=\"wp-block-column left is-layout-flow wp-block-column-is-layout-flow\" style=\"flex-basis:70%\">\n<figure class=\"wp-block-image size-large animated fadeIn delay-100ms slow\"><a href=\"https:\/\/www.camping-les-micocouliers-provence.fr\/wp-content\/uploads\/2023\/02\/camping-piscine-avignon-1-1024x768.jpg\"><img decoding=\"async\" width=\"1024\" height=\"768\" src=\"https:\/\/www.camping-les-micocouliers-provence.fr\/wp-content\/uploads\/2023\/02\/camping-piscine-avignon-1-1024x768.jpg\" alt=\"camping swimmingpool avignon\" class=\"wp-image-1346\" srcset=\"https:\/\/www.camping-les-micocouliers-provence.fr\/wp-content\/uploads\/2023\/02\/camping-piscine-avignon-1-1024x768.jpg 1024w, https:\/\/www.camping-les-micocouliers-provence.fr\/wp-content\/uploads\/2023\/02\/camping-piscine-avignon-1-300x225.jpg 300w, https:\/\/www.camping-les-micocouliers-provence.fr\/wp-content\/uploads\/2023\/02\/camping-piscine-avignon-1-768x576.jpg 768w, https:\/\/www.camping-les-micocouliers-provence.fr\/wp-content\/uploads\/2023\/02\/camping-piscine-avignon-1.jpg 1045w\" sizes=\"(max-width: 1024px) 100vw, 1024px\" \/><\/a><\/figure>\n<\/div>\n\n\n\n<div class=\"wp-block-column right is-layout-flow wp-block-column-is-layout-flow\" style=\"flex-basis:30%\">\n<h2 class=\"ls__heading wp-block-heading\" id=\"h-campingplatz-mit-freibad-in-der-provence\">Campingplatz mit <strong>Freibad<\/strong> in der Provence<\/h2>\n\n\n\n<p class=\"ls-paragraph\">Am Ufer der Durance, am Pont du Gard, im Wasserpark von Avignon oder an <strong>unserem beheizter<\/strong> <strong>Pool<\/strong>, nach einem Spaziergang durch die provenzalische Landschaft oder f\u00fcr einen entspannten Tag, genie\u00dfen Sie die Freuden des Wassers unter der <strong>Sonne der Provence<\/strong>.<\/p>\n\n\n\n<p class=\"ls-paragraph\">Unser Wasserpark empf\u00e4ngt Sie von Mai\/Juni bis September. Hier finden Sie ein <strong>gro\u00dfes Becken f\u00fcr die Gro\u00dfen und ein Planschbecken<\/strong>, in dem die Kleinen sicher planschen und sich abk\u00fchlen k\u00f6nnen.<\/p>\n\n\n\n<p class=\"ls-paragraph\">Unter den Augen von Palmen, Oleander, Bambus, Pinien und Olivenb\u00e4umen und mit dem Gesang der Zikaden im Hintergrund k\u00f6nnen Sie sich in diesem eingez\u00e4unten Bereich erfrischen, sich sonnen, faulenzen, spielen, lesen oder sich mit den F\u00fc\u00dfen im Wasser oder auf Sonnenliegen im Schatten der B\u00e4ume oder in der prallen Sonne ausruhen.<\/p>\n<\/div>\n<\/div>\n\n\n    <\/div>\n<\/section>\n\n<section id=\"ls-section-block_40aba7a3c24e7873fe590e8b9b4171fa\" class=\"ls-section  page-two has-background has-color-3-background-color has-p-t p-t-14 has-p-b p-b-4\" >\n        <div class=\"container container--wide\">\n        \n\n<div id=\"ls-heading ls-titre-div-block_757ae4a9bac3837e4a612a7456f6542c\" class=\"ls-titre-div guillemets-center aligncenter h2-like\" >\n    <strong>Die F\u00fc\u00dfe, <\/br> im Wasser<\/strong><\/div>\n\n\n\n<p class=\"ls-paragraph has-text-align-center\">Sie entscheiden selbst, wie Sie diesen <strong>provenzalischen Moment am besten genie\u00dfen m\u00f6chten<\/strong>&#8230;<br> k\u00f6nnen Sie nat\u00fcrlich auch schwimmen, Ihr Brustschwimmen oder Ihre F\u00e4higkeiten als Apnoeist verbessern!<\/p>\n\n\n    <\/div>\n<\/section>\n\n<section id=\"ls-section-block_de4531c52c6b2dd4b36020d7d5db351e\" class=\"ls-section  page-parallax has-background-image has-parallax\" >\n    <div class=\"ls-section__background-image opacity-100\"><img decoding=\"async\" src=\"https:\/\/www.camping-les-micocouliers-provence.fr\/wp-content\/uploads\/2023\/01\/camping-micocouliers-un-bel-instant-provencal.webp\" alt=\"camping micocouliers un bel instant provencal\"><\/div>    <div class=\"container \">\n        \n    <\/div>\n<\/section>\n\n<section id=\"ls-section-block_817ae2e3a484815f6a9cab79999fc6f3\" class=\"ls-section  page-three has-p-t p-t-14 has-p-b p-b-14\" >\n        <div class=\"container container--wide\">\n        \n\n<div class=\"wp-block-columns first is-layout-flex wp-container-core-columns-is-layout-9d6595d7 wp-block-columns-is-layout-flex\">\n<div class=\"wp-block-column left is-layout-flow wp-block-column-is-layout-flow\">\n<h2 class=\"ls__heading wp-block-heading\" id=\"h-entdecken-sie-unseren-schones-planschbecken\">Entdecken Sie unseren <br><strong>sch\u00f6nes Planschbecken<\/strong><\/h2>\n\n\n\n<p class=\"ls-paragraph\">Der Poolbereich des <a href=\"https:\/\/www.camping-les-micocouliers-provence.fr\/de\/\">Campingplatzes Les Micocouliers<\/a> bietet Ihnen die M\u00f6glichkeit, mit Ihren Kleinsten in aller Sicherheit zu baden. <strong>Unser Planschbecken in der N\u00e4he des Pools erm\u00f6glicht es Ihnen, die W\u00fcnsche der Kinder und die der Eltern zu vereinen: ideal f\u00fcr Ihren Campingurlaub mit der Familie!<\/strong><\/p>\n<\/div>\n\n\n\n<div class=\"wp-block-column right is-layout-flow wp-block-column-is-layout-flow\">\n<figure class=\"wp-block-image size-large animated fadeInRight delay-100ms slow\"><a href=\"https:\/\/www.camping-les-micocouliers-provence.fr\/wp-content\/uploads\/2023\/02\/camping-pataugeoire-piscine-provence-1024x768.jpg\"><img decoding=\"async\" width=\"1024\" height=\"768\" src=\"https:\/\/www.camping-les-micocouliers-provence.fr\/wp-content\/uploads\/2023\/02\/camping-pataugeoire-piscine-provence-1024x768.jpg\" alt=\"camping planschbecken schwimmbad provence\" class=\"wp-image-947\" srcset=\"https:\/\/www.camping-les-micocouliers-provence.fr\/wp-content\/uploads\/2023\/02\/camping-pataugeoire-piscine-provence-1024x768.jpg 1024w, https:\/\/www.camping-les-micocouliers-provence.fr\/wp-content\/uploads\/2023\/02\/camping-pataugeoire-piscine-provence-300x225.jpg 300w, https:\/\/www.camping-les-micocouliers-provence.fr\/wp-content\/uploads\/2023\/02\/camping-pataugeoire-piscine-provence-768x576.jpg 768w, https:\/\/www.camping-les-micocouliers-provence.fr\/wp-content\/uploads\/2023\/02\/camping-pataugeoire-piscine-provence.jpg 1045w\" sizes=\"(max-width: 1024px) 100vw, 1024px\" \/><\/a><\/figure>\n<\/div>\n<\/div>\n\n\n\n<div class=\"wp-block-columns second is-layout-flex wp-container-core-columns-is-layout-9d6595d7 wp-block-columns-is-layout-flex\">\n<div class=\"wp-block-column is-layout-flow wp-block-column-is-layout-flow\">\n<figure class=\"wp-block-image size-large animated fadeInLeft delay-200ms slow\"><a href=\"https:\/\/www.camping-les-micocouliers-provence.fr\/wp-content\/uploads\/2023\/02\/bar-piscine-provence-1024x768.jpg\"><img decoding=\"async\" width=\"1024\" height=\"768\" src=\"https:\/\/www.camping-les-micocouliers-provence.fr\/wp-content\/uploads\/2023\/02\/bar-piscine-provence-1024x768.jpg\" alt=\"bar swimmingpool provence\" class=\"wp-image-945\" srcset=\"https:\/\/www.camping-les-micocouliers-provence.fr\/wp-content\/uploads\/2023\/02\/bar-piscine-provence-1024x768.jpg 1024w, https:\/\/www.camping-les-micocouliers-provence.fr\/wp-content\/uploads\/2023\/02\/bar-piscine-provence-300x225.jpg 300w, https:\/\/www.camping-les-micocouliers-provence.fr\/wp-content\/uploads\/2023\/02\/bar-piscine-provence-768x576.jpg 768w, https:\/\/www.camping-les-micocouliers-provence.fr\/wp-content\/uploads\/2023\/02\/bar-piscine-provence.jpg 1045w\" sizes=\"(max-width: 1024px) 100vw, 1024px\" \/><\/a><\/figure>\n<\/div>\n\n\n\n<div class=\"wp-block-column is-layout-flow wp-block-column-is-layout-flow\">\n<h2 class=\"ls__heading wp-block-heading\" id=\"h-campingplatz-mit-schwimmbad-in-der-nahe-von-avignon-0\">Campingplatz mit Schwimmbad <br><strong>in der N\u00e4he von Avignon<\/strong><\/h2>\n\n\n\n<p class=\"ls-paragraph\">Der Wasserbereich befindet sich in der N\u00e4he des <strong>Bouleplatzes<\/strong> und des <strong>Imbissstandes<\/strong>, sodass Sie nur ein paar Schritte gehen m\u00fcssen, um von Wasser auf Eis oder andere Erfrischungsgetr\u00e4nke umzusteigen oder Ihre zuk\u00fcnftigen Boulegegner zu beobachten, die unter dem Schatten der Platane schie\u00dfen und zielen.<\/p>\n\n\n\n<p class=\"ls-paragraph addReadMore showlesscontent\">Aus hygienischen Gr\u00fcnden sind Badeshorts oder andere weite Kleidungsst\u00fccke verboten und Kinder m\u00fcssen von einem Erwachsenen begleitet werden. Das Baden wird nicht \u00fcberwacht und geschieht auf eigene Verantwortung.<\/p>\n<\/div>\n<\/div>\n\n\n    <\/div>\n<\/section>\n\n<section id=\"ls-section-block_44d2a435d97edc072f25b29a6807ec18\" class=\"ls-section  page-avis has-background-image has-parallax has-m-t m-t-10 has-m-b m-b-10\" >\n    <div class=\"ls-section__background-image opacity-100\"><img decoding=\"async\" src=\"https:\/\/www.camping-les-micocouliers-provence.fr\/wp-content\/uploads\/2023\/01\/camping-micocouliers-en-pleine-nature.webp\" alt=\"camping micocouliers en pleine nature\"><\/div>    <div class=\"container container--wide\">\n        \n\n<div class=\"wp-block-columns is-layout-flex wp-container-core-columns-is-layout-9d6595d7 wp-block-columns-is-layout-flex\">\n<div class=\"wp-block-column is-vertically-aligned-center is-layout-flow wp-block-column-is-layout-flow\" style=\"flex-basis:55%\">\n<div id=\"ls-heading ls-titre-div-block_2fe9841d4f2cf9613811f8df2da4253b\" class=\"ls-titre-div h2-like\" >\n    Was denken unsere <\/br> \u00fcber den Pool?<\/div>\n<\/div>\n<\/div>\n\n\n<div class=\"avis-container-pages\"><div class=\"avis\"><div class=\"avis-content-container\"><div class=\"avis-text-container\"><div class=\"avis-name\">Jean-Luc R.<\/div><div class=\"avis-note\">\n                <span><i class=\"micocouliers-star\"><\/i><\/span><span><i class=\"micocouliers-star\"><\/i><\/span><span><i class=\"micocouliers-star\"><\/i><\/span><span><i class=\"micocouliers-star\"><\/i><\/span><span><i class=\"micocouliers-star\"><\/i><\/span>\n                <\/div><div class=\"avis-content\"><p>Super-Camping. Die Stellpl\u00e4tze sind gro\u00df und sauber. Top-Sanit\u00e4ranlagen. Gro\u00dfartiger Pool.<br \/>\nDie neuen Besitzer sind sehr freundlich und haben ein offenes Ohr f\u00fcr die Camper. Dorf in der N\u00e4he mit Supermarkt.<br \/>\nIch empfehle diesen Campingplatz.<\/p>\n<\/div><\/div><\/div><\/div><div class=\"avis\"><div class=\"avis-content-container\"><div class=\"avis-text-container\"><div class=\"avis-name\">Murielle P.<\/div><div class=\"avis-note\">\n                <span><i class=\"micocouliers-star\"><\/i><\/span><span><i class=\"micocouliers-star\"><\/i><\/span><span><i class=\"micocouliers-star\"><\/i><\/span><span><i class=\"micocouliers-star\"><\/i><\/span><span><i class=\"micocouliers-star\"><\/i><\/span>\n                <\/div><div class=\"avis-content\"><p>Super Familiencampingplatz, nickelfreie Sanit\u00e4ranlagen, warmes Wasser, sch\u00f6ner Pool.<br \/>\nSehr guter Empfang.<br \/>\nEs ist einen Besuch wert.<\/p>\n<\/div><\/div><\/div><\/div><div class=\"avis\"><div class=\"avis-content-container\"><div class=\"avis-text-container\"><div class=\"avis-name\">Marie D.<\/div><div class=\"avis-note\">\n                <span><i class=\"micocouliers-star\"><\/i><\/span><span><i class=\"micocouliers-star\"><\/i><\/span><span><i class=\"micocouliers-star\"><\/i><\/span><span><i class=\"micocouliers-star\"><\/i><\/span><span><i class=\"micocouliers-star\"><\/i><\/span>\n                <\/div><div class=\"avis-content\"><p>Angenehmer Campingplatz, sauber, jeden Tag gepflegt und sch\u00f6ner Pool, N\u00e4he zu St. R\u00e9my<\/p>\n<\/div><\/div><\/div><\/div><\/div>\n\n\n    <\/div>\n<\/section>\n\n<section id=\"ls-section-block_2f37507167c2b31f40dbb49ffd9a1453\" class=\"ls-section  page-maillage has-p-b p-b-14\" >\n        <div class=\"container container--wide\">\n        \n\n<div id=\"ls-heading ls-titre-div-block_d6e7a90e6ae7f64805703f28c54e8ca4\" class=\"ls-titre-div aligncenter h2-like has-m-b m-b-6\" >\n    Entdecken Sie die Aktivit\u00e4ten, Vermietungen und Stellpl\u00e4tze <\/br> Campingplatzes<strong><\/strong><\/div>\n\n\n<div id=\"ls-maillage-block_fa838627ed5dc45cee5506d89781f160\" class=\"ls-maillage cta-style-normal\" data-rows=\"3\">\n    <div class=\"wp-block-columns\"><div class=\"wp-block-column\">\n\n<a href=\"https:\/\/www.camping-les-micocouliers-provence.fr\/de\/stellplatz-provence\/\" target=\"\" rel=\"noopener\" class=\"ls-cta__link\">\n\n\t<div class=\"ls-cta__image\"><img decoding=\"async\" src=\"https:\/\/www.camping-les-micocouliers-provence.fr\/wp-content\/uploads\/2023\/02\/louer-emplacement-avignon.jpg\" alt=\"louer emplacement avignon\"><\/div>\n\t<div class=\"ls-cta__title\">\n\t\tStandort\t<\/div>\n\n\t\t\n<\/a><\/div><div class=\"wp-block-column\">\n\n<a href=\"https:\/\/www.camping-les-micocouliers-provence.fr\/de\/vermietung-mobilheim-avignon\/\" target=\"\" rel=\"noopener\" class=\"ls-cta__link\">\n\n\t<div class=\"ls-cta__image\"><img decoding=\"async\" src=\"https:\/\/www.camping-les-micocouliers-provence.fr\/wp-content\/uploads\/2023\/02\/louer-mobil-home-avignon.jpg\" alt=\"louer mobil home avignon\"><\/div>\n\t<div class=\"ls-cta__title\">\n\t\tMobilheim\t<\/div>\n\n\t\t\n<\/a><\/div><div class=\"wp-block-column\">\n\n<a href=\"https:\/\/www.camping-les-micocouliers-provence.fr\/de\/familiencampingplatz-provence\/\" target=\"\" rel=\"noopener\" class=\"ls-cta__link\">\n\n\t<div class=\"ls-cta__image\"><img decoding=\"async\" src=\"https:\/\/www.camping-les-micocouliers-provence.fr\/wp-content\/uploads\/2023\/02\/camping-familial-avignon.jpg\" alt=\"camping familial avignon\"><\/div>\n\t<div class=\"ls-cta__title\">\n\t\tDienstleistungen und Freizeit\t<\/div>\n\n\t\t\n<\/a><\/div><\/div><\/div>\n\n    <\/div>\n<\/section>","protected":false},"excerpt":{"rendered":"","protected":false},"author":1,"featured_media":1518,"parent":0,"menu_order":0,"comment_status":"closed","ping_status":"closed","template":"","meta":{"_acf_changed":false,"footnotes":""},"sujet":[],"class_list":["post-1706","page","type-page","status-publish","has-post-thumbnail","hentry"],"acf":[],"yoast_head":"<!-- This site is optimized with the Yoast SEO Premium plugin v25.9 (Yoast SEO v25.9) - https:\/\/yoast.com\/wordpress\/plugins\/seo\/ -->\n<title>Camping pool Provence beheiztes | Avignon<\/title>\n<meta name=\"description\" content=\"Camping pool Provence beheiztes. Der Campingplatz Les Micocouliers verf\u00fcgt \u00fcber ein gro\u00dfes Schwimmbad (au\u00dferhalb der Saison beheizt)...\" \/>\n<meta name=\"robots\" content=\"index, follow, max-snippet:-1, max-image-preview:large, max-video-preview:-1\" \/>\n<link rel=\"canonical\" href=\"https:\/\/www.camping-les-micocouliers-provence.fr\/de\/camping-pool-provence\/\" \/>\n<meta property=\"og:locale\" content=\"de_DE\" \/>\n<meta property=\"og:type\" content=\"article\" \/>\n<meta property=\"og:title\" content=\"Espace aquatique\" \/>\n<meta property=\"og:description\" content=\"Camping pool Provence beheiztes. Der Campingplatz Les Micocouliers verf\u00fcgt \u00fcber ein gro\u00dfes Schwimmbad (au\u00dferhalb der Saison beheizt)...\" \/>\n<meta property=\"og:url\" content=\"https:\/\/www.camping-les-micocouliers-provence.fr\/de\/camping-pool-provence\/\" \/>\n<meta property=\"og:site_name\" content=\"Camping Les Micocouliers\" \/>\n<meta property=\"article:publisher\" content=\"https:\/\/www.facebook.com\/lesmicocouliersgraveson\/\" \/>\n<meta property=\"article:modified_time\" content=\"2024-10-27T14:11:28+00:00\" \/>\n<meta property=\"og:image\" content=\"https:\/\/www.camping-les-micocouliers-provence.fr\/wp-content\/uploads\/2023\/02\/piscine-decouverte-avignon.jpg\" \/>\n\t<meta property=\"og:image:width\" content=\"1904\" \/>\n\t<meta property=\"og:image:height\" content=\"598\" \/>\n\t<meta property=\"og:image:type\" content=\"image\/jpeg\" \/>\n<meta name=\"twitter:card\" content=\"summary_large_image\" \/>\n<meta name=\"twitter:label1\" content=\"Gesch\u00e4tzte Lesezeit\" \/>\n\t<meta name=\"twitter:data1\" content=\"3\u00a0Minuten\" \/>\n<script type=\"application\/ld+json\" class=\"yoast-schema-graph\">{\"@context\":\"https:\/\/schema.org\",\"@graph\":[{\"@type\":\"WebPage\",\"@id\":\"https:\/\/www.camping-les-micocouliers-provence.fr\/de\/camping-pool-provence\/\",\"url\":\"https:\/\/www.camping-les-micocouliers-provence.fr\/de\/camping-pool-provence\/\",\"name\":\"Camping pool Provence beheiztes | Avignon\",\"isPartOf\":{\"@id\":\"https:\/\/www.camping-les-micocouliers-provence.fr\/#website\"},\"primaryImageOfPage\":{\"@id\":\"https:\/\/www.camping-les-micocouliers-provence.fr\/de\/camping-pool-provence\/#primaryimage\"},\"image\":{\"@id\":\"https:\/\/www.camping-les-micocouliers-provence.fr\/de\/camping-pool-provence\/#primaryimage\"},\"thumbnailUrl\":\"https:\/\/www.camping-les-micocouliers-provence.fr\/wp-content\/uploads\/2023\/02\/piscine-decouverte-avignon.jpg\",\"datePublished\":\"2023-03-06T11:18:01+00:00\",\"dateModified\":\"2024-10-27T14:11:28+00:00\",\"description\":\"Camping pool Provence beheiztes. Der Campingplatz Les Micocouliers verf\u00fcgt \u00fcber ein gro\u00dfes Schwimmbad (au\u00dferhalb der Saison beheizt)...\",\"breadcrumb\":{\"@id\":\"https:\/\/www.camping-les-micocouliers-provence.fr\/de\/camping-pool-provence\/#breadcrumb\"},\"inLanguage\":\"de\",\"potentialAction\":[{\"@type\":\"ReadAction\",\"target\":[\"https:\/\/www.camping-les-micocouliers-provence.fr\/de\/camping-pool-provence\/\"]}]},{\"@type\":\"ImageObject\",\"inLanguage\":\"de\",\"@id\":\"https:\/\/www.camping-les-micocouliers-provence.fr\/de\/camping-pool-provence\/#primaryimage\",\"url\":\"https:\/\/www.camping-les-micocouliers-provence.fr\/wp-content\/uploads\/2023\/02\/piscine-decouverte-avignon.jpg\",\"contentUrl\":\"https:\/\/www.camping-les-micocouliers-provence.fr\/wp-content\/uploads\/2023\/02\/piscine-decouverte-avignon.jpg\",\"width\":1904,\"height\":598,\"caption\":\"piscine decouverte avignon\"},{\"@type\":\"BreadcrumbList\",\"@id\":\"https:\/\/www.camping-les-micocouliers-provence.fr\/de\/camping-pool-provence\/#breadcrumb\",\"itemListElement\":[{\"@type\":\"ListItem\",\"position\":1,\"name\":\"Camping Provence\",\"item\":\"https:\/\/www.camping-les-micocouliers-provence.fr\/de\/\"},{\"@type\":\"ListItem\",\"position\":2,\"name\":\"Campingplatz mit Wasserbereich in der Provence\"}]},{\"@type\":\"WebSite\",\"@id\":\"https:\/\/www.camping-les-micocouliers-provence.fr\/#website\",\"url\":\"https:\/\/www.camping-les-micocouliers-provence.fr\/\",\"name\":\"Camping Les Micocouliers\",\"description\":\"\",\"publisher\":{\"@id\":\"https:\/\/www.camping-les-micocouliers-provence.fr\/#organization\"},\"potentialAction\":[{\"@type\":\"SearchAction\",\"target\":{\"@type\":\"EntryPoint\",\"urlTemplate\":\"https:\/\/www.camping-les-micocouliers-provence.fr\/?s={search_term_string}\"},\"query-input\":{\"@type\":\"PropertyValueSpecification\",\"valueRequired\":true,\"valueName\":\"search_term_string\"}}],\"inLanguage\":\"de\"},{\"@type\":\"Organization\",\"@id\":\"https:\/\/www.camping-les-micocouliers-provence.fr\/#organization\",\"name\":\"Camping Les Micocouliers\",\"url\":\"https:\/\/www.camping-les-micocouliers-provence.fr\/\",\"logo\":{\"@type\":\"ImageObject\",\"inLanguage\":\"de\",\"@id\":\"https:\/\/www.camping-les-micocouliers-provence.fr\/#\/schema\/logo\/image\/\",\"url\":\"https:\/\/www.camping-les-micocouliers-provence.fr\/wp-content\/uploads\/2023\/01\/cropped-cropped-logo-camping-micocouliers.png\",\"contentUrl\":\"https:\/\/www.camping-les-micocouliers-provence.fr\/wp-content\/uploads\/2023\/01\/cropped-cropped-logo-camping-micocouliers.png\",\"width\":1584,\"height\":622,\"caption\":\"Camping Les Micocouliers\"},\"image\":{\"@id\":\"https:\/\/www.camping-les-micocouliers-provence.fr\/#\/schema\/logo\/image\/\"},\"sameAs\":[\"https:\/\/www.facebook.com\/lesmicocouliersgraveson\/\",\"https:\/\/www.instagram.com\/camping_les_micocouliers\/\",\"https:\/\/www.tiktok.com\/@camping_les_micocouliers\"]}]}<\/script>\n<!-- \/ Yoast SEO Premium plugin. -->","yoast_head_json":{"title":"Camping pool Provence beheiztes | Avignon","description":"Camping pool Provence beheiztes. Der Campingplatz Les Micocouliers verf\u00fcgt \u00fcber ein gro\u00dfes Schwimmbad (au\u00dferhalb der Saison beheizt)...","robots":{"index":"index","follow":"follow","max-snippet":"max-snippet:-1","max-image-preview":"max-image-preview:large","max-video-preview":"max-video-preview:-1"},"canonical":"https:\/\/www.camping-les-micocouliers-provence.fr\/de\/camping-pool-provence\/","og_locale":"de_DE","og_type":"article","og_title":"Espace aquatique","og_description":"Camping pool Provence beheiztes. Der Campingplatz Les Micocouliers verf\u00fcgt \u00fcber ein gro\u00dfes Schwimmbad (au\u00dferhalb der Saison beheizt)...","og_url":"https:\/\/www.camping-les-micocouliers-provence.fr\/de\/camping-pool-provence\/","og_site_name":"Camping Les Micocouliers","article_publisher":"https:\/\/www.facebook.com\/lesmicocouliersgraveson\/","article_modified_time":"2024-10-27T14:11:28+00:00","og_image":[{"width":1904,"height":598,"url":"https:\/\/www.camping-les-micocouliers-provence.fr\/wp-content\/uploads\/2023\/02\/piscine-decouverte-avignon.jpg","type":"image\/jpeg"}],"twitter_card":"summary_large_image","twitter_misc":{"Gesch\u00e4tzte Lesezeit":"3\u00a0Minuten"},"schema":{"@context":"https:\/\/schema.org","@graph":[{"@type":"WebPage","@id":"https:\/\/www.camping-les-micocouliers-provence.fr\/de\/camping-pool-provence\/","url":"https:\/\/www.camping-les-micocouliers-provence.fr\/de\/camping-pool-provence\/","name":"Camping pool Provence beheiztes | Avignon","isPartOf":{"@id":"https:\/\/www.camping-les-micocouliers-provence.fr\/#website"},"primaryImageOfPage":{"@id":"https:\/\/www.camping-les-micocouliers-provence.fr\/de\/camping-pool-provence\/#primaryimage"},"image":{"@id":"https:\/\/www.camping-les-micocouliers-provence.fr\/de\/camping-pool-provence\/#primaryimage"},"thumbnailUrl":"https:\/\/www.camping-les-micocouliers-provence.fr\/wp-content\/uploads\/2023\/02\/piscine-decouverte-avignon.jpg","datePublished":"2023-03-06T11:18:01+00:00","dateModified":"2024-10-27T14:11:28+00:00","description":"Camping pool Provence beheiztes. Der Campingplatz Les Micocouliers verf\u00fcgt \u00fcber ein gro\u00dfes Schwimmbad (au\u00dferhalb der Saison beheizt)...","breadcrumb":{"@id":"https:\/\/www.camping-les-micocouliers-provence.fr\/de\/camping-pool-provence\/#breadcrumb"},"inLanguage":"de","potentialAction":[{"@type":"ReadAction","target":["https:\/\/www.camping-les-micocouliers-provence.fr\/de\/camping-pool-provence\/"]}]},{"@type":"ImageObject","inLanguage":"de","@id":"https:\/\/www.camping-les-micocouliers-provence.fr\/de\/camping-pool-provence\/#primaryimage","url":"https:\/\/www.camping-les-micocouliers-provence.fr\/wp-content\/uploads\/2023\/02\/piscine-decouverte-avignon.jpg","contentUrl":"https:\/\/www.camping-les-micocouliers-provence.fr\/wp-content\/uploads\/2023\/02\/piscine-decouverte-avignon.jpg","width":1904,"height":598,"caption":"piscine decouverte avignon"},{"@type":"BreadcrumbList","@id":"https:\/\/www.camping-les-micocouliers-provence.fr\/de\/camping-pool-provence\/#breadcrumb","itemListElement":[{"@type":"ListItem","position":1,"name":"Camping Provence","item":"https:\/\/www.camping-les-micocouliers-provence.fr\/de\/"},{"@type":"ListItem","position":2,"name":"Campingplatz mit Wasserbereich in der Provence"}]},{"@type":"WebSite","@id":"https:\/\/www.camping-les-micocouliers-provence.fr\/#website","url":"https:\/\/www.camping-les-micocouliers-provence.fr\/","name":"Camping Les Micocouliers","description":"","publisher":{"@id":"https:\/\/www.camping-les-micocouliers-provence.fr\/#organization"},"potentialAction":[{"@type":"SearchAction","target":{"@type":"EntryPoint","urlTemplate":"https:\/\/www.camping-les-micocouliers-provence.fr\/?s={search_term_string}"},"query-input":{"@type":"PropertyValueSpecification","valueRequired":true,"valueName":"search_term_string"}}],"inLanguage":"de"},{"@type":"Organization","@id":"https:\/\/www.camping-les-micocouliers-provence.fr\/#organization","name":"Camping Les Micocouliers","url":"https:\/\/www.camping-les-micocouliers-provence.fr\/","logo":{"@type":"ImageObject","inLanguage":"de","@id":"https:\/\/www.camping-les-micocouliers-provence.fr\/#\/schema\/logo\/image\/","url":"https:\/\/www.camping-les-micocouliers-provence.fr\/wp-content\/uploads\/2023\/01\/cropped-cropped-logo-camping-micocouliers.png","contentUrl":"https:\/\/www.camping-les-micocouliers-provence.fr\/wp-content\/uploads\/2023\/01\/cropped-cropped-logo-camping-micocouliers.png","width":1584,"height":622,"caption":"Camping Les Micocouliers"},"image":{"@id":"https:\/\/www.camping-les-micocouliers-provence.fr\/#\/schema\/logo\/image\/"},"sameAs":["https:\/\/www.facebook.com\/lesmicocouliersgraveson\/","https:\/\/www.instagram.com\/camping_les_micocouliers\/","https:\/\/www.tiktok.com\/@camping_les_micocouliers"]}]}},"_links":{"self":[{"href":"https:\/\/www.camping-les-micocouliers-provence.fr\/de\/wp-json\/wp\/v2\/pages\/1706","targetHints":{"allow":["GET"]}}],"collection":[{"href":"https:\/\/www.camping-les-micocouliers-provence.fr\/de\/wp-json\/wp\/v2\/pages"}],"about":[{"href":"https:\/\/www.camping-les-micocouliers-provence.fr\/de\/wp-json\/wp\/v2\/types\/page"}],"author":[{"embeddable":true,"href":"https:\/\/www.camping-les-micocouliers-provence.fr\/de\/wp-json\/wp\/v2\/users\/1"}],"replies":[{"embeddable":true,"href":"https:\/\/www.camping-les-micocouliers-provence.fr\/de\/wp-json\/wp\/v2\/comments?post=1706"}],"version-history":[{"count":16,"href":"https:\/\/www.camping-les-micocouliers-provence.fr\/de\/wp-json\/wp\/v2\/pages\/1706\/revisions"}],"predecessor-version":[{"id":2537,"href":"https:\/\/www.camping-les-micocouliers-provence.fr\/de\/wp-json\/wp\/v2\/pages\/1706\/revisions\/2537"}],"wp:featuredmedia":[{"embeddable":true,"href":"https:\/\/www.camping-les-micocouliers-provence.fr\/de\/wp-json\/wp\/v2\/media\/1518"}],"wp:attachment":[{"href":"https:\/\/www.camping-les-micocouliers-provence.fr\/de\/wp-json\/wp\/v2\/media?parent=1706"}],"wp:term":[{"taxonomy":"sujet","embeddable":true,"href":"https:\/\/www.camping-les-micocouliers-provence.fr\/de\/wp-json\/wp\/v2\/sujet?post=1706"}],"curies":[{"name":"wp","href":"https:\/\/api.w.org\/{rel}","templated":true}]}}