{"id":1712,"date":"2023-03-06T13:39:24","date_gmt":"2023-03-06T12:39:24","guid":{"rendered":"https:\/\/www.camping-les-micocouliers-provence.fr\/aktivitaeten-provence\/"},"modified":"2024-10-27T16:15:50","modified_gmt":"2024-10-27T15:15:50","slug":"aktivitaeten-provence","status":"publish","type":"page","link":"https:\/\/www.camping-les-micocouliers-provence.fr\/de\/aktivitaeten-provence\/","title":{"rendered":"Les activit\u00e9s autour du camping"},"content":{"rendered":"<section id=\"ls-section-block_934f3fbf0bcbb6f664117facfac26304\" class=\"ls-section  page-chapeau has-p-b p-b-0\" >\n        <div class=\"container container--wide\">\n        \n\n<h1 class=\"ls__heading wp-block-heading has-text-align-center\" id=\"h-aktivitaten-die-man-machen-kann-rund-um-avignon\">Aktivit\u00e4ten, die man machen kann<br><strong>rund um Avignon<\/strong><\/h1>\n\n\n    <\/div>\n<\/section>\n\n<section id=\"ls-section-block_890691c8375769cd4b4baa9761f48d24\" class=\"ls-section  page-one has-p-b p-b-14\" >\n        <div class=\"container container--wide\">\n        \n\n<div class=\"wp-block-columns is-layout-flex wp-container-core-columns-is-layout-9d6595d7 wp-block-columns-is-layout-flex\">\n<div class=\"wp-block-column left is-layout-flow wp-block-column-is-layout-flow\" style=\"flex-basis:60%\">\n<figure class=\"wp-block-image size-large animated fadeIn delay-100ms slow\"><img decoding=\"async\" width=\"1024\" height=\"768\" src=\"https:\/\/www.camping-les-micocouliers-provence.fr\/wp-content\/uploads\/2023\/02\/balade-cheval-provence-1024x768.jpg\" alt=\"reitausflug provence\" class=\"wp-image-1222\" srcset=\"https:\/\/www.camping-les-micocouliers-provence.fr\/wp-content\/uploads\/2023\/02\/balade-cheval-provence-1024x768.jpg 1024w, https:\/\/www.camping-les-micocouliers-provence.fr\/wp-content\/uploads\/2023\/02\/balade-cheval-provence-300x225.jpg 300w, https:\/\/www.camping-les-micocouliers-provence.fr\/wp-content\/uploads\/2023\/02\/balade-cheval-provence-768x576.jpg 768w, https:\/\/www.camping-les-micocouliers-provence.fr\/wp-content\/uploads\/2023\/02\/balade-cheval-provence.jpg 1045w\" sizes=\"(max-width: 1024px) 100vw, 1024px\" \/><\/figure>\n<\/div>\n\n\n\n<div class=\"wp-block-column is-vertically-aligned-center right is-layout-flow wp-block-column-is-layout-flow\" style=\"flex-basis:40%\">\n<h2 class=\"ls__heading wp-block-heading\" id=\"h-reiten-ihr-campingplatz-50-meter-vom-reitzentrum-entfernt\"><strong>Reiten: Ihr Campingplatz 50 Meter vom Reitzentrum entfernt<\/strong><\/h2>\n\n\n\n<p class=\"ls-paragraph\">Ganz in der N\u00e4he des <a href=\"https:\/\/www.camping-les-micocouliers-provence.fr\/de\/\">Campingplatzes<\/a> k\u00f6nnen die <strong>Kinder das Reiten erlernen oder perfektionieren<\/strong>. Damit Ihr Urlaub mit Spa\u00df und Aktivit\u00e4ten einhergeht, ist das an den <strong>Campingplatz angeschlossene Reitzentrum<\/strong> ein Trumpf, auf den Sie nicht verzichten k\u00f6nnen. <\/p>\n\n\n\n<h2 class=\"ls__heading wp-block-heading\" id=\"h-radfahren-mit-dem-fahrrad-durch-die-provence\"><strong>Radfahren: Mit dem Fahrrad durch die Provence<\/strong><\/h2>\n\n\n\n<p class=\"ls-paragraph\">Rund um den Campingplatz gibt es zahlreiche <strong>Fahrradrouten<\/strong>. Entlang eines Weinbergs, in der erhabenen Landschaft von Les Baux de Provence oder entlang von Lavendelfeldern &#8211; Sie entscheiden, wie Ihre Radtour aussehen soll. <\/p>\n\n\n\n<p class=\"ls-paragraph\">Unsere <strong>Region l\u00e4sst sich gut mit dem Fahrrad<\/strong> erkunden, und wir haben die passenden <strong>Unterk\u00fcnfte f\u00fcr Fahrradbegeisterte<\/strong>! Sie sind nicht ausger\u00fcstet? Kein Problem, in der N\u00e4he des <a href=\"https:\/\/www.telecycles-location.fr\/\" target=\"_blank\" rel=\"noreferrer noopener\">Campingplatzes finden Sie einen Fahrradverleih<\/a>!<\/p>\n<\/div>\n<\/div>\n\n\n    <\/div>\n<\/section>\n\n<section id=\"ls-section-block_d31a181c887e954e292d919262655155\" class=\"ls-section  page-parallax has-background-image has-parallax\" >\n    <div class=\"ls-section__background-image opacity-100\"><img decoding=\"async\" src=\"https:\/\/www.camping-les-micocouliers-provence.fr\/wp-content\/uploads\/2023\/02\/randonnees-provence.jpg\" alt=\"randonnees provence\"><\/div>    <div class=\"container \">\n        \n    <\/div>\n<\/section>\n\n<section id=\"ls-section-block_0b7d21a429ca144dede5c23cfc333821\" class=\"ls-section  page-three hautleft has-p-t p-t-14 has-p-b p-b-14\" >\n        <div class=\"container container--wide\">\n        \n\n<div class=\"wp-block-columns first is-layout-flex wp-container-core-columns-is-layout-9d6595d7 wp-block-columns-is-layout-flex\">\n<div class=\"wp-block-column is-vertically-aligned-center left is-layout-flow wp-block-column-is-layout-flow\">\n<h2 class=\"ls__heading wp-block-heading\" id=\"h-wandern-die-schonsten-wanderwege-der-provence\"><strong>Wandern : Die sch\u00f6nsten Wanderwege der Provence<\/strong><\/h2>\n\n\n\n<p class=\"ls-paragraph has-text-align-left\">Ob Sie nun ein gro\u00dfer Wanderer oder einfach nur ein Spazierg\u00e4nger sind, Sie werden rund um den <strong>Campingplatz sch\u00f6ne Wanderungen finden<\/strong>, bei denen Sie die sanfte Landschaft der Provence genie\u00dfen k\u00f6nnen.<\/p>\n<\/div>\n\n\n\n<div class=\"wp-block-column right is-layout-flow wp-block-column-is-layout-flow\">\n<figure class=\"wp-block-image size-large animated fadeInRight delay-100ms slow\"><a href=\"https:\/\/www.camping-les-micocouliers-provence.fr\/wp-content\/uploads\/2023\/02\/randonnee-provence-1024x768.jpg\"><img decoding=\"async\" width=\"1024\" height=\"768\" src=\"https:\/\/www.camping-les-micocouliers-provence.fr\/wp-content\/uploads\/2023\/02\/randonnee-provence-1024x768.jpg\" alt=\"wandern provence\" class=\"wp-image-1229\" srcset=\"https:\/\/www.camping-les-micocouliers-provence.fr\/wp-content\/uploads\/2023\/02\/randonnee-provence-1024x768.jpg 1024w, https:\/\/www.camping-les-micocouliers-provence.fr\/wp-content\/uploads\/2023\/02\/randonnee-provence-300x225.jpg 300w, https:\/\/www.camping-les-micocouliers-provence.fr\/wp-content\/uploads\/2023\/02\/randonnee-provence-768x576.jpg 768w, https:\/\/www.camping-les-micocouliers-provence.fr\/wp-content\/uploads\/2023\/02\/randonnee-provence.jpg 1045w\" sizes=\"(max-width: 1024px) 100vw, 1024px\" \/><\/a><\/figure>\n<\/div>\n<\/div>\n\n\n\n<div class=\"wp-block-columns second is-layout-flex wp-container-core-columns-is-layout-9d6595d7 wp-block-columns-is-layout-flex\">\n<div class=\"wp-block-column is-vertically-aligned-center is-layout-flow wp-block-column-is-layout-flow\">\n<figure class=\"wp-block-image size-large animated fadeInLeft delay-200ms slow\"><a href=\"https:\/\/www.camping-les-micocouliers-provence.fr\/wp-content\/uploads\/2023\/02\/parc-attraction-aquatique-1024x768.jpg\"><img decoding=\"async\" width=\"1024\" height=\"768\" src=\"https:\/\/www.camping-les-micocouliers-provence.fr\/wp-content\/uploads\/2023\/02\/parc-attraction-aquatique-1024x768.jpg\" alt=\"Wasservergn\u00fcgungspark\" class=\"wp-image-1226\" srcset=\"https:\/\/www.camping-les-micocouliers-provence.fr\/wp-content\/uploads\/2023\/02\/parc-attraction-aquatique-1024x768.jpg 1024w, https:\/\/www.camping-les-micocouliers-provence.fr\/wp-content\/uploads\/2023\/02\/parc-attraction-aquatique-300x225.jpg 300w, https:\/\/www.camping-les-micocouliers-provence.fr\/wp-content\/uploads\/2023\/02\/parc-attraction-aquatique-768x576.jpg 768w, https:\/\/www.camping-les-micocouliers-provence.fr\/wp-content\/uploads\/2023\/02\/parc-attraction-aquatique.jpg 1045w\" sizes=\"(max-width: 1024px) 100vw, 1024px\" \/><\/a><\/figure>\n<\/div>\n\n\n\n<div class=\"wp-block-column is-vertically-aligned-top is-layout-flow wp-block-column-is-layout-flow\">\n<h2 class=\"ls__heading wp-block-heading\" id=\"h-spass-fur-die-ganze-familie-im-spirou-park\">Spa\u00df f\u00fcr die ganze Familie im Spirou-Park<strong><\/strong><\/h2>\n\n\n\n<p class=\"ls-paragraph\">Eine halbe Stunde vom Campingplatz entfernt k\u00f6nnen <strong>Sie Spirou und seine Freunde<\/strong> im <a href=\"https:\/\/www.parc-spirou.com\/\" target=\"_blank\" rel=\"noreferrer noopener\">Parc Spirou in Monteux<\/a> treffen. Ein sehr sch\u00f6ner Park, in dem man mit der Familie eine tolle Zeit verbringen und Gro\u00df und Klein eine Freude machen kann!<\/p>\n\n\n\n<h2 class=\"ls__heading wp-block-heading\" id=\"h-erfrischung-fur-die-ganze-familie-im-wave-island-park\">Erfrischung f\u00fcr die ganze Familie im Wave Island Park<strong><\/strong><\/h2>\n\n\n\n<p class=\"ls-paragraph\">In der N\u00e4he des <a href=\"https:\/\/www.waveisland.fr\/\" target=\"_blank\" rel=\"noreferrer noopener\">Parc Spirou bietet Ihnen der Wasserpark Wave<\/a> Island mit seinen zahlreichen Attraktionen und Aktivit\u00e4ten eine <strong>sportliche Erfrischung f\u00fcr die ganze Familie<\/strong> und wunderbare Momente der Komplizenschaft.<\/p>\n<\/div>\n<\/div>\n\n\n    <\/div>\n<\/section>\n\n<section id=\"ls-section-block_a9e8c3e2c8e1219e580dfeda0ff86ec0\" class=\"ls-section  page-maillage has-p-t p-t-0 has-p-b p-b-14\" >\n        <div class=\"container container--wide\">\n        \n\n<div id=\"ls-heading ls-titre-div-block_f1d2f3a5db4d07e3fe96d2eb31570b89\" class=\"ls-titre-div aligncenter h2-like has-m-b m-b-6\" >\n    Entdecken Sie die Unterk\u00fcnfte und Sehensw\u00fcrdigkeiten in der N\u00e4he <\/br> Campingplatzes<strong><\/strong><\/div>\n\n\n<div id=\"ls-maillage-block_02a1a6ea750600ba4435398e5ce4efaa\" class=\"ls-maillage cta-style-normal\" data-rows=\"3\">\n    <div class=\"wp-block-columns\"><div class=\"wp-block-column\">\n\n<a href=\"https:\/\/www.camping-les-micocouliers-provence.fr\/de\/stellplatz-provence\/\" target=\"\" rel=\"noopener\" class=\"ls-cta__link\">\n\n\t<div class=\"ls-cta__image\"><img decoding=\"async\" src=\"https:\/\/www.camping-les-micocouliers-provence.fr\/wp-content\/uploads\/2023\/02\/louer-emplacement-avignon.jpg\" alt=\"louer emplacement avignon\"><\/div>\n\t<div class=\"ls-cta__title\">\n\t\tStandort\t<\/div>\n\n\t\t\n<\/a><\/div><div class=\"wp-block-column\">\n\n<a href=\"https:\/\/www.camping-les-micocouliers-provence.fr\/de\/provence-tourismus\/\" target=\"\" rel=\"noopener\" class=\"ls-cta__link\">\n\n\t<div class=\"ls-cta__image\"><img decoding=\"async\" src=\"https:\/\/www.camping-les-micocouliers-provence.fr\/wp-content\/uploads\/2023\/02\/sejour-avignon.jpg\" alt=\"sejour avignon\"><\/div>\n\t<div class=\"ls-cta__title\">\n\t\tAvignon besuchen \t<\/div>\n\n\t\t\n<\/a><\/div><div class=\"wp-block-column\">\n\n<a href=\"https:\/\/www.camping-les-micocouliers-provence.fr\/de\/vermietung-mobilheim-avignon\/\" target=\"\" rel=\"noopener\" class=\"ls-cta__link\">\n\n\t<div class=\"ls-cta__image\"><img decoding=\"async\" src=\"https:\/\/www.camping-les-micocouliers-provence.fr\/wp-content\/uploads\/2023\/02\/louer-mobil-home-avignon.jpg\" alt=\"louer mobil home avignon\"><\/div>\n\t<div class=\"ls-cta__title\">\n\t\tMobilheim\t<\/div>\n\n\t\t\n<\/a><\/div><\/div><\/div>\n\n    <\/div>\n<\/section>","protected":false},"excerpt":{"rendered":"","protected":false},"author":1,"featured_media":1597,"parent":0,"menu_order":0,"comment_status":"closed","ping_status":"closed","template":"","meta":{"_acf_changed":false,"footnotes":""},"sujet":[],"class_list":["post-1712","page","type-page","status-publish","has-post-thumbnail","hentry"],"acf":[],"yoast_head":"<!-- This site is optimized with the Yoast SEO Premium plugin v25.9 (Yoast SEO v25.9) - https:\/\/yoast.com\/wordpress\/plugins\/seo\/ -->\n<title>Aktivit\u00e4ten Provence | Reiten, Wandern in Avignon<\/title>\n<meta name=\"description\" content=\"Aktivit\u00e4ten Provence. Was kann man in der N\u00e4he des Campingplatzes Les Micocouliers unternehmen: Wandern, Reiten, Radfahren.\" \/>\n<meta name=\"robots\" content=\"index, follow, max-snippet:-1, max-image-preview:large, max-video-preview:-1\" \/>\n<link rel=\"canonical\" href=\"https:\/\/www.camping-les-micocouliers-provence.fr\/de\/aktivitaeten-provence\/\" \/>\n<meta property=\"og:locale\" content=\"de_DE\" \/>\n<meta property=\"og:type\" content=\"article\" \/>\n<meta property=\"og:title\" content=\"Les activit\u00e9s autour du camping\" \/>\n<meta property=\"og:description\" content=\"Aktivit\u00e4ten Provence. Was kann man in der N\u00e4he des Campingplatzes Les Micocouliers unternehmen: Wandern, Reiten, Radfahren.\" \/>\n<meta property=\"og:url\" content=\"https:\/\/www.camping-les-micocouliers-provence.fr\/de\/aktivitaeten-provence\/\" \/>\n<meta property=\"og:site_name\" content=\"Camping Les Micocouliers\" \/>\n<meta property=\"article:publisher\" content=\"https:\/\/www.facebook.com\/lesmicocouliersgraveson\/\" \/>\n<meta property=\"article:modified_time\" content=\"2024-10-27T15:15:50+00:00\" \/>\n<meta property=\"og:image\" content=\"https:\/\/www.camping-les-micocouliers-provence.fr\/wp-content\/uploads\/2023\/02\/equitation-provence.jpg\" \/>\n\t<meta property=\"og:image:width\" content=\"1902\" \/>\n\t<meta property=\"og:image:height\" content=\"598\" \/>\n\t<meta property=\"og:image:type\" content=\"image\/jpeg\" \/>\n<meta name=\"twitter:card\" content=\"summary_large_image\" \/>\n<meta name=\"twitter:label1\" content=\"Gesch\u00e4tzte Lesezeit\" \/>\n\t<meta name=\"twitter:data1\" content=\"3\u00a0Minuten\" \/>\n<script type=\"application\/ld+json\" class=\"yoast-schema-graph\">{\"@context\":\"https:\/\/schema.org\",\"@graph\":[{\"@type\":\"WebPage\",\"@id\":\"https:\/\/www.camping-les-micocouliers-provence.fr\/de\/aktivitaeten-provence\/\",\"url\":\"https:\/\/www.camping-les-micocouliers-provence.fr\/de\/aktivitaeten-provence\/\",\"name\":\"Aktivit\u00e4ten Provence | Reiten, Wandern in Avignon\",\"isPartOf\":{\"@id\":\"https:\/\/www.camping-les-micocouliers-provence.fr\/#website\"},\"primaryImageOfPage\":{\"@id\":\"https:\/\/www.camping-les-micocouliers-provence.fr\/de\/aktivitaeten-provence\/#primaryimage\"},\"image\":{\"@id\":\"https:\/\/www.camping-les-micocouliers-provence.fr\/de\/aktivitaeten-provence\/#primaryimage\"},\"thumbnailUrl\":\"https:\/\/www.camping-les-micocouliers-provence.fr\/wp-content\/uploads\/2023\/02\/equitation-provence.jpg\",\"datePublished\":\"2023-03-06T12:39:24+00:00\",\"dateModified\":\"2024-10-27T15:15:50+00:00\",\"description\":\"Aktivit\u00e4ten Provence. Was kann man in der N\u00e4he des Campingplatzes Les Micocouliers unternehmen: Wandern, Reiten, Radfahren.\",\"breadcrumb\":{\"@id\":\"https:\/\/www.camping-les-micocouliers-provence.fr\/de\/aktivitaeten-provence\/#breadcrumb\"},\"inLanguage\":\"de\",\"potentialAction\":[{\"@type\":\"ReadAction\",\"target\":[\"https:\/\/www.camping-les-micocouliers-provence.fr\/de\/aktivitaeten-provence\/\"]}]},{\"@type\":\"ImageObject\",\"inLanguage\":\"de\",\"@id\":\"https:\/\/www.camping-les-micocouliers-provence.fr\/de\/aktivitaeten-provence\/#primaryimage\",\"url\":\"https:\/\/www.camping-les-micocouliers-provence.fr\/wp-content\/uploads\/2023\/02\/equitation-provence.jpg\",\"contentUrl\":\"https:\/\/www.camping-les-micocouliers-provence.fr\/wp-content\/uploads\/2023\/02\/equitation-provence.jpg\",\"width\":1902,\"height\":598,\"caption\":\"equitation provence\"},{\"@type\":\"BreadcrumbList\",\"@id\":\"https:\/\/www.camping-les-micocouliers-provence.fr\/de\/aktivitaeten-provence\/#breadcrumb\",\"itemListElement\":[{\"@type\":\"ListItem\",\"position\":1,\"name\":\"Camping Provence\",\"item\":\"https:\/\/www.camping-les-micocouliers-provence.fr\/de\/\"},{\"@type\":\"ListItem\",\"position\":2,\"name\":\"Reiten, Wandern in Avignon\"}]},{\"@type\":\"WebSite\",\"@id\":\"https:\/\/www.camping-les-micocouliers-provence.fr\/#website\",\"url\":\"https:\/\/www.camping-les-micocouliers-provence.fr\/\",\"name\":\"Camping Les Micocouliers\",\"description\":\"\",\"publisher\":{\"@id\":\"https:\/\/www.camping-les-micocouliers-provence.fr\/#organization\"},\"potentialAction\":[{\"@type\":\"SearchAction\",\"target\":{\"@type\":\"EntryPoint\",\"urlTemplate\":\"https:\/\/www.camping-les-micocouliers-provence.fr\/?s={search_term_string}\"},\"query-input\":{\"@type\":\"PropertyValueSpecification\",\"valueRequired\":true,\"valueName\":\"search_term_string\"}}],\"inLanguage\":\"de\"},{\"@type\":\"Organization\",\"@id\":\"https:\/\/www.camping-les-micocouliers-provence.fr\/#organization\",\"name\":\"Camping Les Micocouliers\",\"url\":\"https:\/\/www.camping-les-micocouliers-provence.fr\/\",\"logo\":{\"@type\":\"ImageObject\",\"inLanguage\":\"de\",\"@id\":\"https:\/\/www.camping-les-micocouliers-provence.fr\/#\/schema\/logo\/image\/\",\"url\":\"https:\/\/www.camping-les-micocouliers-provence.fr\/wp-content\/uploads\/2023\/01\/cropped-cropped-logo-camping-micocouliers.png\",\"contentUrl\":\"https:\/\/www.camping-les-micocouliers-provence.fr\/wp-content\/uploads\/2023\/01\/cropped-cropped-logo-camping-micocouliers.png\",\"width\":1584,\"height\":622,\"caption\":\"Camping Les Micocouliers\"},\"image\":{\"@id\":\"https:\/\/www.camping-les-micocouliers-provence.fr\/#\/schema\/logo\/image\/\"},\"sameAs\":[\"https:\/\/www.facebook.com\/lesmicocouliersgraveson\/\",\"https:\/\/www.instagram.com\/camping_les_micocouliers\/\",\"https:\/\/www.tiktok.com\/@camping_les_micocouliers\"]}]}<\/script>\n<!-- \/ Yoast SEO Premium plugin. -->","yoast_head_json":{"title":"Aktivit\u00e4ten Provence | Reiten, Wandern in Avignon","description":"Aktivit\u00e4ten Provence. Was kann man in der N\u00e4he des Campingplatzes Les Micocouliers unternehmen: Wandern, Reiten, Radfahren.","robots":{"index":"index","follow":"follow","max-snippet":"max-snippet:-1","max-image-preview":"max-image-preview:large","max-video-preview":"max-video-preview:-1"},"canonical":"https:\/\/www.camping-les-micocouliers-provence.fr\/de\/aktivitaeten-provence\/","og_locale":"de_DE","og_type":"article","og_title":"Les activit\u00e9s autour du camping","og_description":"Aktivit\u00e4ten Provence. Was kann man in der N\u00e4he des Campingplatzes Les Micocouliers unternehmen: Wandern, Reiten, Radfahren.","og_url":"https:\/\/www.camping-les-micocouliers-provence.fr\/de\/aktivitaeten-provence\/","og_site_name":"Camping Les Micocouliers","article_publisher":"https:\/\/www.facebook.com\/lesmicocouliersgraveson\/","article_modified_time":"2024-10-27T15:15:50+00:00","og_image":[{"width":1902,"height":598,"url":"https:\/\/www.camping-les-micocouliers-provence.fr\/wp-content\/uploads\/2023\/02\/equitation-provence.jpg","type":"image\/jpeg"}],"twitter_card":"summary_large_image","twitter_misc":{"Gesch\u00e4tzte Lesezeit":"3\u00a0Minuten"},"schema":{"@context":"https:\/\/schema.org","@graph":[{"@type":"WebPage","@id":"https:\/\/www.camping-les-micocouliers-provence.fr\/de\/aktivitaeten-provence\/","url":"https:\/\/www.camping-les-micocouliers-provence.fr\/de\/aktivitaeten-provence\/","name":"Aktivit\u00e4ten Provence | Reiten, Wandern in Avignon","isPartOf":{"@id":"https:\/\/www.camping-les-micocouliers-provence.fr\/#website"},"primaryImageOfPage":{"@id":"https:\/\/www.camping-les-micocouliers-provence.fr\/de\/aktivitaeten-provence\/#primaryimage"},"image":{"@id":"https:\/\/www.camping-les-micocouliers-provence.fr\/de\/aktivitaeten-provence\/#primaryimage"},"thumbnailUrl":"https:\/\/www.camping-les-micocouliers-provence.fr\/wp-content\/uploads\/2023\/02\/equitation-provence.jpg","datePublished":"2023-03-06T12:39:24+00:00","dateModified":"2024-10-27T15:15:50+00:00","description":"Aktivit\u00e4ten Provence. Was kann man in der N\u00e4he des Campingplatzes Les Micocouliers unternehmen: Wandern, Reiten, Radfahren.","breadcrumb":{"@id":"https:\/\/www.camping-les-micocouliers-provence.fr\/de\/aktivitaeten-provence\/#breadcrumb"},"inLanguage":"de","potentialAction":[{"@type":"ReadAction","target":["https:\/\/www.camping-les-micocouliers-provence.fr\/de\/aktivitaeten-provence\/"]}]},{"@type":"ImageObject","inLanguage":"de","@id":"https:\/\/www.camping-les-micocouliers-provence.fr\/de\/aktivitaeten-provence\/#primaryimage","url":"https:\/\/www.camping-les-micocouliers-provence.fr\/wp-content\/uploads\/2023\/02\/equitation-provence.jpg","contentUrl":"https:\/\/www.camping-les-micocouliers-provence.fr\/wp-content\/uploads\/2023\/02\/equitation-provence.jpg","width":1902,"height":598,"caption":"equitation provence"},{"@type":"BreadcrumbList","@id":"https:\/\/www.camping-les-micocouliers-provence.fr\/de\/aktivitaeten-provence\/#breadcrumb","itemListElement":[{"@type":"ListItem","position":1,"name":"Camping Provence","item":"https:\/\/www.camping-les-micocouliers-provence.fr\/de\/"},{"@type":"ListItem","position":2,"name":"Reiten, Wandern in Avignon"}]},{"@type":"WebSite","@id":"https:\/\/www.camping-les-micocouliers-provence.fr\/#website","url":"https:\/\/www.camping-les-micocouliers-provence.fr\/","name":"Camping Les Micocouliers","description":"","publisher":{"@id":"https:\/\/www.camping-les-micocouliers-provence.fr\/#organization"},"potentialAction":[{"@type":"SearchAction","target":{"@type":"EntryPoint","urlTemplate":"https:\/\/www.camping-les-micocouliers-provence.fr\/?s={search_term_string}"},"query-input":{"@type":"PropertyValueSpecification","valueRequired":true,"valueName":"search_term_string"}}],"inLanguage":"de"},{"@type":"Organization","@id":"https:\/\/www.camping-les-micocouliers-provence.fr\/#organization","name":"Camping Les Micocouliers","url":"https:\/\/www.camping-les-micocouliers-provence.fr\/","logo":{"@type":"ImageObject","inLanguage":"de","@id":"https:\/\/www.camping-les-micocouliers-provence.fr\/#\/schema\/logo\/image\/","url":"https:\/\/www.camping-les-micocouliers-provence.fr\/wp-content\/uploads\/2023\/01\/cropped-cropped-logo-camping-micocouliers.png","contentUrl":"https:\/\/www.camping-les-micocouliers-provence.fr\/wp-content\/uploads\/2023\/01\/cropped-cropped-logo-camping-micocouliers.png","width":1584,"height":622,"caption":"Camping Les Micocouliers"},"image":{"@id":"https:\/\/www.camping-les-micocouliers-provence.fr\/#\/schema\/logo\/image\/"},"sameAs":["https:\/\/www.facebook.com\/lesmicocouliersgraveson\/","https:\/\/www.instagram.com\/camping_les_micocouliers\/","https:\/\/www.tiktok.com\/@camping_les_micocouliers"]}]}},"_links":{"self":[{"href":"https:\/\/www.camping-les-micocouliers-provence.fr\/de\/wp-json\/wp\/v2\/pages\/1712","targetHints":{"allow":["GET"]}}],"collection":[{"href":"https:\/\/www.camping-les-micocouliers-provence.fr\/de\/wp-json\/wp\/v2\/pages"}],"about":[{"href":"https:\/\/www.camping-les-micocouliers-provence.fr\/de\/wp-json\/wp\/v2\/types\/page"}],"author":[{"embeddable":true,"href":"https:\/\/www.camping-les-micocouliers-provence.fr\/de\/wp-json\/wp\/v2\/users\/1"}],"replies":[{"embeddable":true,"href":"https:\/\/www.camping-les-micocouliers-provence.fr\/de\/wp-json\/wp\/v2\/comments?post=1712"}],"version-history":[{"count":7,"href":"https:\/\/www.camping-les-micocouliers-provence.fr\/de\/wp-json\/wp\/v2\/pages\/1712\/revisions"}],"predecessor-version":[{"id":2546,"href":"https:\/\/www.camping-les-micocouliers-provence.fr\/de\/wp-json\/wp\/v2\/pages\/1712\/revisions\/2546"}],"wp:featuredmedia":[{"embeddable":true,"href":"https:\/\/www.camping-les-micocouliers-provence.fr\/de\/wp-json\/wp\/v2\/media\/1597"}],"wp:attachment":[{"href":"https:\/\/www.camping-les-micocouliers-provence.fr\/de\/wp-json\/wp\/v2\/media?parent=1712"}],"wp:term":[{"taxonomy":"sujet","embeddable":true,"href":"https:\/\/www.camping-les-micocouliers-provence.fr\/de\/wp-json\/wp\/v2\/sujet?post=1712"}],"curies":[{"name":"wp","href":"https:\/\/api.w.org\/{rel}","templated":true}]}}