{"id":1720,"date":"2023-03-06T13:59:54","date_gmt":"2023-03-06T12:59:54","guid":{"rendered":"https:\/\/www.camping-les-micocouliers-provence.fr\/rechtliche-hinweise\/"},"modified":"2023-03-07T14:01:31","modified_gmt":"2023-03-07T13:01:31","slug":"rechtliche-hinweise","status":"publish","type":"page","link":"https:\/\/www.camping-les-micocouliers-provence.fr\/de\/rechtliche-hinweise\/","title":{"rendered":"Mentions L\u00e9gales"},"content":{"rendered":"<section id=\"ls-section-block_6320fe051b1c8e3ce15ec451e561fa99\" class=\"ls-section \" >\n        <div class=\"container container--wide\">\n        \n\n<h1 class=\"ls__heading has-text-align-center wp-block-heading\">Rechtliche Hinweise<\/h1>\n\n\n    <\/div>\n<\/section>\n\n<section id=\"ls-section-block_6320fe051b1c8e3ce15ec451e561fa99\" class=\"ls-section \" >\n        <div class=\"container container--wide\">\n        \n\n<h2 class=\"ls-heading wp-block-heading\">Verantwortlich f\u00fcr die Seite<\/h2>\n\n\n\n<p class=\"ls-paragraph\"><strong>Campingplatz Les Micocouliers<\/strong><br>445 RTE DE CASSOULEN<br>13690 GRAVESON<br>T\u00e9l. : +33(0)4 90 95 81 49<br>Email : lesmicocoulierscamping@gmail.com<br>SIREN : 407933191<br>Intrakommunale Mehrwertsteuer: FR55407933191<br>Verantwortlich f\u00fcr die Ver\u00f6ffentlichung: Sarah Zimmermann<\/p>\n\n\n\n<h2 class=\"ls-heading wp-block-heading\">REALISIERUNG<\/h2>\n\n\n\n<p class=\"ls-paragraph\"><strong>GEEK TONIC<\/strong><br>Vertreten durch Herrn Yohan Darmayan in seiner Funktion als Gesch\u00e4ftsf\u00fchrer<br>Hauptsitz: 50 AV. DU LAC MARION 64200 BIARRITZ<br>T\u00e9l : 05 32 74 11 52<br>E-mail : support@geek-tonic.com<br>Site web : <a href=\"https:\/\/www.geek-tonic.com\/\">www.geek-tonic.com<\/a><br>SIRET : 79078282500034<br>APE : 6201Z<\/p>\n\n\n\n<h2 class=\"ls-heading wp-block-heading\">URHEBERRECHTE UND COPYRIGHTS<\/h2>\n\n\n\n<p class=\"ls-paragraph\">Der gesamte Inhalt dieser Website unterliegt dem Urheberrecht sowie dem geistigen Eigentum der franz\u00f6sischen Gesetzgebung. Jegliche Vervielf\u00e4ltigung (einschlie\u00dflich Fotos, Icons und herunterladbarer Dokumente) ist ohne vorherige Zustimmung von GEEK TONIC untersagt. Die Vervielf\u00e4ltigung der gesamten oder eines Teils der Website auf einem elektronischen Datentr\u00e4ger in einem Papier- oder elektronischen Format ist untersagt. GEEK TONIC \u00fcbernimmt keine Verantwortung f\u00fcr den Inhalt auf der Website. GEEK TONIC \u00fcbernimmt auch keine Verantwortung f\u00fcr externe Links, die auf die vorliegende Seite verweisen.<\/p>\n\n\n\n<h2 class=\"ls-heading wp-block-heading\" id=\"m-t-6\">PERS\u00d6NLICHE DATEN UND NAMENTLICHE INFORMATIONEN<\/h2>\n\n\n\n<p class=\"ls-paragraph\">Sie haben ein Recht auf Zugang, \u00c4nderung, Berichtigung und L\u00f6schung der Sie betreffenden Daten gem\u00e4\u00df Artikel 34 des Gesetzes &#8222;Informatique et Libert\u00e9s&#8220; Nr. 78-17 vom 6. Januar 1978, ge\u00e4ndert am 6. August 2018. Um dieses Recht auf Zugang zu entfalten, k\u00f6nnen Sie dies durch eine einfache schriftliche Anfrage an den Herausgeber der Website tun.<\/p>\n\n\n\n<h2 class=\"ls-heading wp-block-heading\">LEGISLATION<\/h2>\n\n\n\n<p class=\"ls-paragraph\">Gem\u00e4\u00df dem Gesetz vom 11. M\u00e4rz 1957 (Art. 41) und dem Gesetz \u00fcber geistiges Eigentum vom 1. Juli 1992 ist es verboten, einen Teil der Website ohne vorherige Genehmigung des Herausgebers der Website teilweise oder vollst\u00e4ndig zu vervielf\u00e4ltigen. Logos, Visualisierungen, Fotos, Videos, Grafikcharts und Texte sind Eigentum ihrer jeweiligen Besitzer. Diese Website kann ohne ihr Wissen mit anderen Websites \u00fcber Hypermedia-Links verbunden worden sein. Der Herausgeber der Website \u00fcbernimmt keine Verantwortung f\u00fcr die Informationen, die auf diesen anderen Websites dargestellt werden. Der Internetnutzer erkennt an, dass die Nutzung dieser Website dem franz\u00f6sischen Recht unterliegt.<\/p>\n\n\n    <\/div>\n<\/section>","protected":false},"excerpt":{"rendered":"","protected":false},"author":1,"featured_media":0,"parent":0,"menu_order":0,"comment_status":"closed","ping_status":"closed","template":"","meta":{"_acf_changed":false,"footnotes":""},"sujet":[],"class_list":["post-1720","page","type-page","status-publish","hentry"],"acf":[],"yoast_head":"<!-- This site is optimized with the Yoast SEO Premium plugin v25.9 (Yoast SEO v25.9) - https:\/\/yoast.com\/wordpress\/plugins\/seo\/ -->\n<title>Mentions L\u00e9gales - Camping Les Micocouliers<\/title>\n<meta name=\"robots\" content=\"noindex, nofollow\" \/>\n<meta property=\"og:locale\" content=\"de_DE\" \/>\n<meta property=\"og:type\" content=\"article\" \/>\n<meta property=\"og:title\" content=\"Mentions L\u00e9gales\" \/>\n<meta property=\"og:url\" content=\"https:\/\/www.camping-les-micocouliers-provence.fr\/de\/rechtliche-hinweise\/\" \/>\n<meta property=\"og:site_name\" content=\"Camping Les Micocouliers\" \/>\n<meta property=\"article:publisher\" content=\"https:\/\/www.facebook.com\/lesmicocouliersgraveson\/\" \/>\n<meta property=\"article:modified_time\" content=\"2023-03-07T13:01:31+00:00\" \/>\n<meta name=\"twitter:card\" content=\"summary_large_image\" \/>\n<meta name=\"twitter:label1\" content=\"Gesch\u00e4tzte Lesezeit\" \/>\n\t<meta name=\"twitter:data1\" content=\"2\u00a0Minuten\" \/>\n<script type=\"application\/ld+json\" class=\"yoast-schema-graph\">{\"@context\":\"https:\/\/schema.org\",\"@graph\":[{\"@type\":\"WebPage\",\"@id\":\"https:\/\/www.camping-les-micocouliers-provence.fr\/de\/rechtliche-hinweise\/\",\"url\":\"https:\/\/www.camping-les-micocouliers-provence.fr\/de\/rechtliche-hinweise\/\",\"name\":\"Mentions L\u00e9gales - Camping Les Micocouliers\",\"isPartOf\":{\"@id\":\"https:\/\/www.camping-les-micocouliers-provence.fr\/#website\"},\"datePublished\":\"2023-03-06T12:59:54+00:00\",\"dateModified\":\"2023-03-07T13:01:31+00:00\",\"breadcrumb\":{\"@id\":\"https:\/\/www.camping-les-micocouliers-provence.fr\/de\/rechtliche-hinweise\/#breadcrumb\"},\"inLanguage\":\"de\",\"potentialAction\":[{\"@type\":\"ReadAction\",\"target\":[\"https:\/\/www.camping-les-micocouliers-provence.fr\/de\/rechtliche-hinweise\/\"]}]},{\"@type\":\"BreadcrumbList\",\"@id\":\"https:\/\/www.camping-les-micocouliers-provence.fr\/de\/rechtliche-hinweise\/#breadcrumb\",\"itemListElement\":[{\"@type\":\"ListItem\",\"position\":1,\"name\":\"Camping Provence\",\"item\":\"https:\/\/www.camping-les-micocouliers-provence.fr\/de\/\"},{\"@type\":\"ListItem\",\"position\":2,\"name\":\"Mentions L\u00e9gales\"}]},{\"@type\":\"WebSite\",\"@id\":\"https:\/\/www.camping-les-micocouliers-provence.fr\/#website\",\"url\":\"https:\/\/www.camping-les-micocouliers-provence.fr\/\",\"name\":\"Camping Les Micocouliers\",\"description\":\"\",\"publisher\":{\"@id\":\"https:\/\/www.camping-les-micocouliers-provence.fr\/#organization\"},\"potentialAction\":[{\"@type\":\"SearchAction\",\"target\":{\"@type\":\"EntryPoint\",\"urlTemplate\":\"https:\/\/www.camping-les-micocouliers-provence.fr\/?s={search_term_string}\"},\"query-input\":{\"@type\":\"PropertyValueSpecification\",\"valueRequired\":true,\"valueName\":\"search_term_string\"}}],\"inLanguage\":\"de\"},{\"@type\":\"Organization\",\"@id\":\"https:\/\/www.camping-les-micocouliers-provence.fr\/#organization\",\"name\":\"Camping Les Micocouliers\",\"url\":\"https:\/\/www.camping-les-micocouliers-provence.fr\/\",\"logo\":{\"@type\":\"ImageObject\",\"inLanguage\":\"de\",\"@id\":\"https:\/\/www.camping-les-micocouliers-provence.fr\/#\/schema\/logo\/image\/\",\"url\":\"https:\/\/www.camping-les-micocouliers-provence.fr\/wp-content\/uploads\/2023\/01\/cropped-cropped-logo-camping-micocouliers.png\",\"contentUrl\":\"https:\/\/www.camping-les-micocouliers-provence.fr\/wp-content\/uploads\/2023\/01\/cropped-cropped-logo-camping-micocouliers.png\",\"width\":1584,\"height\":622,\"caption\":\"Camping Les Micocouliers\"},\"image\":{\"@id\":\"https:\/\/www.camping-les-micocouliers-provence.fr\/#\/schema\/logo\/image\/\"},\"sameAs\":[\"https:\/\/www.facebook.com\/lesmicocouliersgraveson\/\",\"https:\/\/www.instagram.com\/camping_les_micocouliers\/\",\"https:\/\/www.tiktok.com\/@camping_les_micocouliers\"]}]}<\/script>\n<!-- \/ Yoast SEO Premium plugin. -->","yoast_head_json":{"title":"Mentions L\u00e9gales - Camping Les Micocouliers","robots":{"index":"noindex","follow":"nofollow"},"og_locale":"de_DE","og_type":"article","og_title":"Mentions L\u00e9gales","og_url":"https:\/\/www.camping-les-micocouliers-provence.fr\/de\/rechtliche-hinweise\/","og_site_name":"Camping Les Micocouliers","article_publisher":"https:\/\/www.facebook.com\/lesmicocouliersgraveson\/","article_modified_time":"2023-03-07T13:01:31+00:00","twitter_card":"summary_large_image","twitter_misc":{"Gesch\u00e4tzte Lesezeit":"2\u00a0Minuten"},"schema":{"@context":"https:\/\/schema.org","@graph":[{"@type":"WebPage","@id":"https:\/\/www.camping-les-micocouliers-provence.fr\/de\/rechtliche-hinweise\/","url":"https:\/\/www.camping-les-micocouliers-provence.fr\/de\/rechtliche-hinweise\/","name":"Mentions L\u00e9gales - Camping Les Micocouliers","isPartOf":{"@id":"https:\/\/www.camping-les-micocouliers-provence.fr\/#website"},"datePublished":"2023-03-06T12:59:54+00:00","dateModified":"2023-03-07T13:01:31+00:00","breadcrumb":{"@id":"https:\/\/www.camping-les-micocouliers-provence.fr\/de\/rechtliche-hinweise\/#breadcrumb"},"inLanguage":"de","potentialAction":[{"@type":"ReadAction","target":["https:\/\/www.camping-les-micocouliers-provence.fr\/de\/rechtliche-hinweise\/"]}]},{"@type":"BreadcrumbList","@id":"https:\/\/www.camping-les-micocouliers-provence.fr\/de\/rechtliche-hinweise\/#breadcrumb","itemListElement":[{"@type":"ListItem","position":1,"name":"Camping Provence","item":"https:\/\/www.camping-les-micocouliers-provence.fr\/de\/"},{"@type":"ListItem","position":2,"name":"Mentions L\u00e9gales"}]},{"@type":"WebSite","@id":"https:\/\/www.camping-les-micocouliers-provence.fr\/#website","url":"https:\/\/www.camping-les-micocouliers-provence.fr\/","name":"Camping Les Micocouliers","description":"","publisher":{"@id":"https:\/\/www.camping-les-micocouliers-provence.fr\/#organization"},"potentialAction":[{"@type":"SearchAction","target":{"@type":"EntryPoint","urlTemplate":"https:\/\/www.camping-les-micocouliers-provence.fr\/?s={search_term_string}"},"query-input":{"@type":"PropertyValueSpecification","valueRequired":true,"valueName":"search_term_string"}}],"inLanguage":"de"},{"@type":"Organization","@id":"https:\/\/www.camping-les-micocouliers-provence.fr\/#organization","name":"Camping Les Micocouliers","url":"https:\/\/www.camping-les-micocouliers-provence.fr\/","logo":{"@type":"ImageObject","inLanguage":"de","@id":"https:\/\/www.camping-les-micocouliers-provence.fr\/#\/schema\/logo\/image\/","url":"https:\/\/www.camping-les-micocouliers-provence.fr\/wp-content\/uploads\/2023\/01\/cropped-cropped-logo-camping-micocouliers.png","contentUrl":"https:\/\/www.camping-les-micocouliers-provence.fr\/wp-content\/uploads\/2023\/01\/cropped-cropped-logo-camping-micocouliers.png","width":1584,"height":622,"caption":"Camping Les Micocouliers"},"image":{"@id":"https:\/\/www.camping-les-micocouliers-provence.fr\/#\/schema\/logo\/image\/"},"sameAs":["https:\/\/www.facebook.com\/lesmicocouliersgraveson\/","https:\/\/www.instagram.com\/camping_les_micocouliers\/","https:\/\/www.tiktok.com\/@camping_les_micocouliers"]}]}},"_links":{"self":[{"href":"https:\/\/www.camping-les-micocouliers-provence.fr\/de\/wp-json\/wp\/v2\/pages\/1720","targetHints":{"allow":["GET"]}}],"collection":[{"href":"https:\/\/www.camping-les-micocouliers-provence.fr\/de\/wp-json\/wp\/v2\/pages"}],"about":[{"href":"https:\/\/www.camping-les-micocouliers-provence.fr\/de\/wp-json\/wp\/v2\/types\/page"}],"author":[{"embeddable":true,"href":"https:\/\/www.camping-les-micocouliers-provence.fr\/de\/wp-json\/wp\/v2\/users\/1"}],"replies":[{"embeddable":true,"href":"https:\/\/www.camping-les-micocouliers-provence.fr\/de\/wp-json\/wp\/v2\/comments?post=1720"}],"version-history":[{"count":2,"href":"https:\/\/www.camping-les-micocouliers-provence.fr\/de\/wp-json\/wp\/v2\/pages\/1720\/revisions"}],"predecessor-version":[{"id":1823,"href":"https:\/\/www.camping-les-micocouliers-provence.fr\/de\/wp-json\/wp\/v2\/pages\/1720\/revisions\/1823"}],"wp:attachment":[{"href":"https:\/\/www.camping-les-micocouliers-provence.fr\/de\/wp-json\/wp\/v2\/media?parent=1720"}],"wp:term":[{"taxonomy":"sujet","embeddable":true,"href":"https:\/\/www.camping-les-micocouliers-provence.fr\/de\/wp-json\/wp\/v2\/sujet?post=1720"}],"curies":[{"name":"wp","href":"https:\/\/api.w.org\/{rel}","templated":true}]}}