{"id":1736,"date":"2023-03-06T14:47:01","date_gmt":"2023-03-06T13:47:01","guid":{"rendered":"https:\/\/www.camping-les-micocouliers-provence.fr\/camping-kein-schlechtes-avignon\/"},"modified":"2024-10-27T16:09:21","modified_gmt":"2024-10-27T15:09:21","slug":"guenstige-campingplaetze-provence","status":"publish","type":"page","link":"https:\/\/www.camping-les-micocouliers-provence.fr\/de\/guenstige-campingplaetze-provence\/","title":{"rendered":"Tarifs"},"content":{"rendered":"<section id=\"ls-section-block_8b6c595ee4bd3eefe920f481361c2da4\" class=\"ls-section  page-chapeau has-p-b p-b-0\" >\n        <div class=\"container container--wide\">\n        \n\n<h1 class=\"ls__heading wp-block-heading has-text-align-center\" id=\"h-geniessen-sie-einen-gunstigen-campingplatz-in-der-nahe-von-avignon\">Genie\u00dfen Sie einen g\u00fcnstigen Campingplatz<br><strong>in der N\u00e4he von Avignon<\/strong><\/h1>\n\n\n    <\/div>\n<\/section>\n\n<section id=\"ls-section-block_45102badcde6fbf82d7bd555d220b34d\" class=\"ls-section \" >\n        <div class=\"container \">\n        \n\n<script>\n    window.ctoutvert = {\n\t\tid: 9826, \n\t\tlang: 'auto', \n\t\turl: 'https:\/\/bookingpremium.secureholiday.net\/widgets\/'\n    };\n\n    (function (w, d, s, ctv, r, js, fjs) {\n        r=new XMLHttpRequest();r.open('GET',w[ctv].url+'js\/src.json');\n        r.responseType='json';r.json=true;r.send();\n        r.onload=function(){w[ctv].src=r.responseType=='json'?r.response:JSON.parse(r.response);\n        js.src=w[ctv].src[0];fjs.parentNode.insertBefore(js, fjs);}\n        js=d.createElement(s),fjs=d.getElementsByTagName(s)[0];\n        js.id='ctvwidget';js.async=1;\n    }(window, document, 'script', 'ctoutvert'));\n<\/script>\n<ctv-availability data-background-color=\"#FFFFFFFF\"><\/ctv-availability>\n\n\n    <\/div>\n<\/section>\n\n<section id=\"ls-section-block_a0721c052dd8dacf8948aa55be9bb3aa\" class=\"ls-section  page-one has-p-b p-b-14\" >\n        <div class=\"container container--wide\">\n        \n\n<div class=\"wp-block-columns is-layout-flex wp-container-core-columns-is-layout-9d6595d7 wp-block-columns-is-layout-flex\">\n<div class=\"wp-block-column left is-layout-flow wp-block-column-is-layout-flow\" style=\"flex-basis:60%\">\n<figure class=\"wp-block-image size-large animated fadeIn delay-100ms slow\"><a href=\"https:\/\/www.camping-les-micocouliers-provence.fr\/wp-content\/uploads\/2023\/02\/hebergement-promotion-avignon-1024x768.jpg\"><img decoding=\"async\" width=\"1024\" height=\"768\" src=\"https:\/\/www.camping-les-micocouliers-provence.fr\/wp-content\/uploads\/2023\/02\/hebergement-promotion-avignon-1024x768.jpg\" alt=\"unterkunft promotion avignon\" class=\"wp-image-1114\" srcset=\"https:\/\/www.camping-les-micocouliers-provence.fr\/wp-content\/uploads\/2023\/02\/hebergement-promotion-avignon-1024x768.jpg 1024w, https:\/\/www.camping-les-micocouliers-provence.fr\/wp-content\/uploads\/2023\/02\/hebergement-promotion-avignon-300x225.jpg 300w, https:\/\/www.camping-les-micocouliers-provence.fr\/wp-content\/uploads\/2023\/02\/hebergement-promotion-avignon-768x576.jpg 768w, https:\/\/www.camping-les-micocouliers-provence.fr\/wp-content\/uploads\/2023\/02\/hebergement-promotion-avignon.jpg 1045w\" sizes=\"(max-width: 1024px) 100vw, 1024px\" \/><\/a><\/figure>\n<\/div>\n\n\n\n<div class=\"wp-block-column is-vertically-aligned-center right is-layout-flow wp-block-column-is-layout-flow\" style=\"flex-basis:40%\">\n<h2 class=\"ls__heading wp-block-heading\" id=\"h-mietwohnungen-mit-dem-besten-preis-leistungs-verhaltnis-in-der-provence\">Mietwohnungen mit dem <strong>besten Preis-Leistungs-Verh\u00e4ltnis<\/strong> in der Provence<\/h2>\n\n\n\n<p class=\"ls-paragraph\">Wenn Sie eine g\u00fcnstige <strong>Unterkunft<\/strong> f\u00fcr Ihren Urlaub in der Provence suchen, ist der <a href=\"https:\/\/www.camping-les-micocouliers-provence.fr\/de\/\">Campingplatz Les Micocouliers<\/a> genau das Richtige f\u00fcr Sie. Profitieren Sie von hochwertigen Unterk\u00fcnften zum besten <strong>Preis-Leistungs-Verh\u00e4ltnis<\/strong>, damit Sie sich m\u00f6glichst viele Erinnerungen an Ihre Familie machen k\u00f6nnen&#8230;<\/p>\n\n\n\n<p class=\"ls-paragraph\">Damit jeder in den Urlaub fahren kann, bieten wir eine ganze Reihe von <a href=\"https:\/\/www.camping-les-micocouliers-provence.fr\/de\/vermietung-mobil-home-avignon\/\">Mobilheimen zur Vermietung<\/a> zu <strong>g\u00fcnstigen Preisen<\/strong> an. Unsere preisg\u00fcnstigen Mietobjekte verf\u00fcgen \u00fcber alle notwendigen Annehmlichkeiten: Klimaanlage, Terrasse, ausgestattete K\u00fcche&#8230;).<\/p>\n\n\n\n<p class=\"ls-paragraph\">Damit alle Budgets den passenden Urlaub finden, bieten wir Ihnen verschiedene L\u00f6sungen an. Vom Stellplatz \u00fcber das Mobilheim bis hin zum Fertigcamping oder der Lodge ist f\u00fcr jeden Geschmack und jeden Geldbeutel etwas dabei. So k\u00f6nnen Sie Ihren <strong>Urlaub in der Provence verbringen und gleichzeitig Ihr Budget im Griff behalten<\/strong>.<\/p>\n<\/div>\n<\/div>\n\n\n    <\/div>\n<\/section>\n\n<section id=\"ls-section-block_4add68e2bd9fdc68cfa6a1fdac6bbafb\" class=\"ls-section  page-parallax has-background-image has-parallax\" >\n    <div class=\"ls-section__background-image opacity-100\"><img decoding=\"async\" src=\"https:\/\/www.camping-les-micocouliers-provence.fr\/wp-content\/uploads\/2023\/02\/camping-promotion-avignin-1.jpg\" alt=\"camping promotion avignin\"><\/div>    <div class=\"container \">\n        \n    <\/div>\n<\/section>\n\n<section id=\"ls-section-block_7dcf14c5a0d42b246056ffe949cf1bff\" class=\"ls-section  page-three hautleft has-p-t p-t-14 has-p-b p-b-14\" >\n        <div class=\"container container--wide\">\n        \n\n<div class=\"wp-block-columns first is-layout-flex wp-container-core-columns-is-layout-9d6595d7 wp-block-columns-is-layout-flex\">\n<div class=\"wp-block-column is-vertically-aligned-center left is-layout-flow wp-block-column-is-layout-flow\">\n<h2 class=\"ls__heading wp-block-heading\" id=\"h-profitieren-sie-das-ganze-jahr-uber-von-unseren-sonderangeboten\">Profitieren Sie das ganze Jahr \u00fcber von unseren Sonderangeboten<strong><\/strong><\/h2>\n\n\n\n<p class=\"ls-paragraph\">Um Ihnen die <strong>besten Preise f\u00fcr Ihren Aufenthalt in der Provence zu bieten<\/strong>, stellen wir punktuell <strong>Sonderangebote<\/strong> zusammen.<\/p>\n<\/div>\n\n\n\n<div class=\"wp-block-column right is-layout-flow wp-block-column-is-layout-flow\">\n<figure class=\"wp-block-image size-large animated fadeInRight delay-100ms slow\"><a href=\"https:\/\/www.camping-les-micocouliers-provence.fr\/wp-content\/uploads\/2023\/02\/camping-pas-cher-avignon-1024x768.jpg\"><img decoding=\"async\" width=\"1024\" height=\"768\" src=\"https:\/\/www.camping-les-micocouliers-provence.fr\/wp-content\/uploads\/2023\/02\/camping-pas-cher-avignon-1024x768.jpg\" alt=\"g\u00fcnstiger campingplatz avignon\" class=\"wp-image-1111\" srcset=\"https:\/\/www.camping-les-micocouliers-provence.fr\/wp-content\/uploads\/2023\/02\/camping-pas-cher-avignon-1024x768.jpg 1024w, https:\/\/www.camping-les-micocouliers-provence.fr\/wp-content\/uploads\/2023\/02\/camping-pas-cher-avignon-300x225.jpg 300w, https:\/\/www.camping-les-micocouliers-provence.fr\/wp-content\/uploads\/2023\/02\/camping-pas-cher-avignon-768x576.jpg 768w, https:\/\/www.camping-les-micocouliers-provence.fr\/wp-content\/uploads\/2023\/02\/camping-pas-cher-avignon.jpg 1045w\" sizes=\"(max-width: 1024px) 100vw, 1024px\" \/><\/a><\/figure>\n<\/div>\n<\/div>\n\n\n\n<div class=\"wp-block-columns second is-layout-flex wp-container-core-columns-is-layout-9d6595d7 wp-block-columns-is-layout-flex\">\n<div class=\"wp-block-column is-vertically-aligned-center is-layout-flow wp-block-column-is-layout-flow\">\n<figure class=\"wp-block-image size-large animated fadeInLeft delay-200ms slow\"><a href=\"https:\/\/www.camping-les-micocouliers-provence.fr\/wp-content\/uploads\/2023\/02\/emplacement-petit-prix-avignon-1024x768.jpg\"><img decoding=\"async\" width=\"1024\" height=\"768\" src=\"https:\/\/www.camping-les-micocouliers-provence.fr\/wp-content\/uploads\/2023\/02\/emplacement-petit-prix-avignon-1024x768.jpg\" alt=\"Standort kleiner Preis avignon\" class=\"wp-image-1116\" srcset=\"https:\/\/www.camping-les-micocouliers-provence.fr\/wp-content\/uploads\/2023\/02\/emplacement-petit-prix-avignon-1024x768.jpg 1024w, https:\/\/www.camping-les-micocouliers-provence.fr\/wp-content\/uploads\/2023\/02\/emplacement-petit-prix-avignon-300x225.jpg 300w, https:\/\/www.camping-les-micocouliers-provence.fr\/wp-content\/uploads\/2023\/02\/emplacement-petit-prix-avignon-768x576.jpg 768w, https:\/\/www.camping-les-micocouliers-provence.fr\/wp-content\/uploads\/2023\/02\/emplacement-petit-prix-avignon.jpg 1045w\" sizes=\"(max-width: 1024px) 100vw, 1024px\" \/><\/a><\/figure>\n<\/div>\n\n\n\n<div class=\"wp-block-column is-vertically-aligned-top is-layout-flow wp-block-column-is-layout-flow\">\n<h2 class=\"ls__heading wp-block-heading\" id=\"h-buchen-sie-direkt-um-die-besten-preise-zu-erhalten\"><strong>Buchen Sie direkt, um die besten Preise zu erhalten<\/strong><\/h2>\n\n\n\n<p class=\"ls-paragraph\">Um <strong>von unseren niedrigsten Preisen<\/strong> f\u00fcr Ihren Aufenthalt zu profitieren, buchen Sie Ihr Mietobjekt direkt auf unserer Website. Denn wir reservieren unsere <strong>besten Preise f\u00fcr Kunden, die direkt \u00fcber uns gehen.<\/strong><\/p>\n\n\n\n<p class=\"ls-paragraph\">Sie m\u00f6chten <strong>online buchen<\/strong> und sind sich nicht sicher? Kontaktieren Sie uns, telefonisch oder per E-Mail, wir helfen Ihnen bei der Auswahl des Mietobjekts, das am besten zu Ihren Erwartungen passt.<\/p>\n<\/div>\n<\/div>\n\n\n    <\/div>\n<\/section>\n\n<section id=\"ls-section-block_072ab322a00bf8c1bb22319c45b3c618\" class=\"ls-section  page-maillage has-p-t p-t-0 has-p-b p-b-14\" >\n        <div class=\"container container--wide\">\n        \n\n<div id=\"ls-heading ls-titre-div-block_9cc5456106cf82f3e22dbe299dea3aac\" class=\"ls-titre-div aligncenter h2-like has-m-b m-b-6\" >\n    Entdecken Sie die Stellpl\u00e4tze, Mietunterk\u00fcnfte und Unterk\u00fcnfte f\u00fcr Radtouren<\/br> Campingplatzes.<strong><\/strong><\/div>\n\n\n<div id=\"ls-maillage-block_c0402c7765e3f1a85dec48a03557978a\" class=\"ls-maillage cta-style-normal\" data-rows=\"3\">\n    <div class=\"wp-block-columns\"><div class=\"wp-block-column\">\n\n<a href=\"https:\/\/www.camping-les-micocouliers-provence.fr\/de\/fahrradtourismus-provence\/\" target=\"\" rel=\"noopener\" class=\"ls-cta__link\">\n\n\t<div class=\"ls-cta__image\"><img decoding=\"async\" src=\"https:\/\/www.camping-les-micocouliers-provence.fr\/wp-content\/uploads\/2023\/02\/velo-avignon.jpg\" alt=\"velo avignon\"><\/div>\n\t<div class=\"ls-cta__title\">\n\t\tRadfahren\t<\/div>\n\n\t\t\n<\/a><\/div><div class=\"wp-block-column\">\n\n<a href=\"https:\/\/www.camping-les-micocouliers-provence.fr\/de\/stellplatz-provence\/\" target=\"\" rel=\"noopener\" class=\"ls-cta__link\">\n\n\t<div class=\"ls-cta__image\"><img decoding=\"async\" src=\"https:\/\/www.camping-les-micocouliers-provence.fr\/wp-content\/uploads\/2023\/02\/louer-emplacement-avignon.jpg\" alt=\"louer emplacement avignon\"><\/div>\n\t<div class=\"ls-cta__title\">\n\t\tStandort\t<\/div>\n\n\t\t\n<\/a><\/div><div class=\"wp-block-column\">\n\n<a href=\"https:\/\/www.camping-les-micocouliers-provence.fr\/de\/vermietung-mobilheim-avignon\/\" target=\"\" rel=\"noopener\" class=\"ls-cta__link\">\n\n\t<div class=\"ls-cta__image\"><img decoding=\"async\" src=\"https:\/\/www.camping-les-micocouliers-provence.fr\/wp-content\/uploads\/2023\/02\/louer-mobil-home-avignon.jpg\" alt=\"louer mobil home avignon\"><\/div>\n\t<div class=\"ls-cta__title\">\n\t\tMobilheim\t<\/div>\n\n\t\t\n<\/a><\/div><\/div><\/div>\n\n    <\/div>\n<\/section>","protected":false},"excerpt":{"rendered":"","protected":false},"author":1,"featured_media":1562,"parent":0,"menu_order":0,"comment_status":"closed","ping_status":"closed","template":"","meta":{"_acf_changed":false,"footnotes":""},"sujet":[],"class_list":["post-1736","page","type-page","status-publish","has-post-thumbnail","hentry"],"acf":[],"yoast_head":"<!-- This site is optimized with the Yoast SEO Premium plugin v25.9 (Yoast SEO v25.9) - https:\/\/yoast.com\/wordpress\/plugins\/seo\/ -->\n<title>G\u00fcnstige Campingpl\u00e4tze Provence<\/title>\n<meta name=\"description\" content=\"G\u00fcnstige Campingpl\u00e4tze Provence. Les Micocouliers f\u00fcr einen Urlaub in der Ebene der Natur mit Pool, Bungalows, Zelt, Wohnmobil...\" \/>\n<meta name=\"robots\" content=\"index, follow, max-snippet:-1, max-image-preview:large, max-video-preview:-1\" \/>\n<link rel=\"canonical\" href=\"https:\/\/www.camping-les-micocouliers-provence.fr\/de\/guenstige-campingplaetze-provence\/\" \/>\n<meta property=\"og:locale\" content=\"de_DE\" \/>\n<meta property=\"og:type\" content=\"article\" \/>\n<meta property=\"og:title\" content=\"Tarifs\" \/>\n<meta property=\"og:description\" content=\"G\u00fcnstige Campingpl\u00e4tze Provence. Les Micocouliers f\u00fcr einen Urlaub in der Ebene der Natur mit Pool, Bungalows, Zelt, Wohnmobil...\" \/>\n<meta property=\"og:url\" content=\"https:\/\/www.camping-les-micocouliers-provence.fr\/de\/guenstige-campingplaetze-provence\/\" \/>\n<meta property=\"og:site_name\" content=\"Camping Les Micocouliers\" \/>\n<meta property=\"article:publisher\" content=\"https:\/\/www.facebook.com\/lesmicocouliersgraveson\/\" \/>\n<meta property=\"article:modified_time\" content=\"2024-10-27T15:09:21+00:00\" \/>\n<meta property=\"og:image\" content=\"https:\/\/www.camping-les-micocouliers-provence.fr\/wp-content\/uploads\/2023\/02\/camping-petit-prix-provence.jpg\" \/>\n\t<meta property=\"og:image:width\" content=\"1903\" \/>\n\t<meta property=\"og:image:height\" content=\"598\" \/>\n\t<meta property=\"og:image:type\" content=\"image\/jpeg\" \/>\n<meta name=\"twitter:card\" content=\"summary_large_image\" \/>\n<meta name=\"twitter:label1\" content=\"Gesch\u00e4tzte Lesezeit\" \/>\n\t<meta name=\"twitter:data1\" content=\"3\u00a0Minuten\" \/>\n<script type=\"application\/ld+json\" class=\"yoast-schema-graph\">{\"@context\":\"https:\/\/schema.org\",\"@graph\":[{\"@type\":\"WebPage\",\"@id\":\"https:\/\/www.camping-les-micocouliers-provence.fr\/de\/guenstige-campingplaetze-provence\/\",\"url\":\"https:\/\/www.camping-les-micocouliers-provence.fr\/de\/guenstige-campingplaetze-provence\/\",\"name\":\"G\u00fcnstige Campingpl\u00e4tze Provence\",\"isPartOf\":{\"@id\":\"https:\/\/www.camping-les-micocouliers-provence.fr\/#website\"},\"primaryImageOfPage\":{\"@id\":\"https:\/\/www.camping-les-micocouliers-provence.fr\/de\/guenstige-campingplaetze-provence\/#primaryimage\"},\"image\":{\"@id\":\"https:\/\/www.camping-les-micocouliers-provence.fr\/de\/guenstige-campingplaetze-provence\/#primaryimage\"},\"thumbnailUrl\":\"https:\/\/www.camping-les-micocouliers-provence.fr\/wp-content\/uploads\/2023\/02\/camping-petit-prix-provence.jpg\",\"datePublished\":\"2023-03-06T13:47:01+00:00\",\"dateModified\":\"2024-10-27T15:09:21+00:00\",\"description\":\"G\u00fcnstige Campingpl\u00e4tze Provence. Les Micocouliers f\u00fcr einen Urlaub in der Ebene der Natur mit Pool, Bungalows, Zelt, Wohnmobil...\",\"breadcrumb\":{\"@id\":\"https:\/\/www.camping-les-micocouliers-provence.fr\/de\/guenstige-campingplaetze-provence\/#breadcrumb\"},\"inLanguage\":\"de\",\"potentialAction\":[{\"@type\":\"ReadAction\",\"target\":[\"https:\/\/www.camping-les-micocouliers-provence.fr\/de\/guenstige-campingplaetze-provence\/\"]}]},{\"@type\":\"ImageObject\",\"inLanguage\":\"de\",\"@id\":\"https:\/\/www.camping-les-micocouliers-provence.fr\/de\/guenstige-campingplaetze-provence\/#primaryimage\",\"url\":\"https:\/\/www.camping-les-micocouliers-provence.fr\/wp-content\/uploads\/2023\/02\/camping-petit-prix-provence.jpg\",\"contentUrl\":\"https:\/\/www.camping-les-micocouliers-provence.fr\/wp-content\/uploads\/2023\/02\/camping-petit-prix-provence.jpg\",\"width\":1903,\"height\":598,\"caption\":\"camping petit prix provence\"},{\"@type\":\"BreadcrumbList\",\"@id\":\"https:\/\/www.camping-les-micocouliers-provence.fr\/de\/guenstige-campingplaetze-provence\/#breadcrumb\",\"itemListElement\":[{\"@type\":\"ListItem\",\"position\":1,\"name\":\"Camping Provence\",\"item\":\"https:\/\/www.camping-les-micocouliers-provence.fr\/de\/\"},{\"@type\":\"ListItem\",\"position\":2,\"name\":\"Preisg\u00fcnstiger Campingplatz in der Provence\"}]},{\"@type\":\"WebSite\",\"@id\":\"https:\/\/www.camping-les-micocouliers-provence.fr\/#website\",\"url\":\"https:\/\/www.camping-les-micocouliers-provence.fr\/\",\"name\":\"Camping Les Micocouliers\",\"description\":\"\",\"publisher\":{\"@id\":\"https:\/\/www.camping-les-micocouliers-provence.fr\/#organization\"},\"potentialAction\":[{\"@type\":\"SearchAction\",\"target\":{\"@type\":\"EntryPoint\",\"urlTemplate\":\"https:\/\/www.camping-les-micocouliers-provence.fr\/?s={search_term_string}\"},\"query-input\":{\"@type\":\"PropertyValueSpecification\",\"valueRequired\":true,\"valueName\":\"search_term_string\"}}],\"inLanguage\":\"de\"},{\"@type\":\"Organization\",\"@id\":\"https:\/\/www.camping-les-micocouliers-provence.fr\/#organization\",\"name\":\"Camping Les Micocouliers\",\"url\":\"https:\/\/www.camping-les-micocouliers-provence.fr\/\",\"logo\":{\"@type\":\"ImageObject\",\"inLanguage\":\"de\",\"@id\":\"https:\/\/www.camping-les-micocouliers-provence.fr\/#\/schema\/logo\/image\/\",\"url\":\"https:\/\/www.camping-les-micocouliers-provence.fr\/wp-content\/uploads\/2023\/01\/cropped-cropped-logo-camping-micocouliers.png\",\"contentUrl\":\"https:\/\/www.camping-les-micocouliers-provence.fr\/wp-content\/uploads\/2023\/01\/cropped-cropped-logo-camping-micocouliers.png\",\"width\":1584,\"height\":622,\"caption\":\"Camping Les Micocouliers\"},\"image\":{\"@id\":\"https:\/\/www.camping-les-micocouliers-provence.fr\/#\/schema\/logo\/image\/\"},\"sameAs\":[\"https:\/\/www.facebook.com\/lesmicocouliersgraveson\/\",\"https:\/\/www.instagram.com\/camping_les_micocouliers\/\",\"https:\/\/www.tiktok.com\/@camping_les_micocouliers\"]}]}<\/script>\n<!-- \/ Yoast SEO Premium plugin. -->","yoast_head_json":{"title":"G\u00fcnstige Campingpl\u00e4tze Provence","description":"G\u00fcnstige Campingpl\u00e4tze Provence. Les Micocouliers f\u00fcr einen Urlaub in der Ebene der Natur mit Pool, Bungalows, Zelt, Wohnmobil...","robots":{"index":"index","follow":"follow","max-snippet":"max-snippet:-1","max-image-preview":"max-image-preview:large","max-video-preview":"max-video-preview:-1"},"canonical":"https:\/\/www.camping-les-micocouliers-provence.fr\/de\/guenstige-campingplaetze-provence\/","og_locale":"de_DE","og_type":"article","og_title":"Tarifs","og_description":"G\u00fcnstige Campingpl\u00e4tze Provence. Les Micocouliers f\u00fcr einen Urlaub in der Ebene der Natur mit Pool, Bungalows, Zelt, Wohnmobil...","og_url":"https:\/\/www.camping-les-micocouliers-provence.fr\/de\/guenstige-campingplaetze-provence\/","og_site_name":"Camping Les Micocouliers","article_publisher":"https:\/\/www.facebook.com\/lesmicocouliersgraveson\/","article_modified_time":"2024-10-27T15:09:21+00:00","og_image":[{"width":1903,"height":598,"url":"https:\/\/www.camping-les-micocouliers-provence.fr\/wp-content\/uploads\/2023\/02\/camping-petit-prix-provence.jpg","type":"image\/jpeg"}],"twitter_card":"summary_large_image","twitter_misc":{"Gesch\u00e4tzte Lesezeit":"3\u00a0Minuten"},"schema":{"@context":"https:\/\/schema.org","@graph":[{"@type":"WebPage","@id":"https:\/\/www.camping-les-micocouliers-provence.fr\/de\/guenstige-campingplaetze-provence\/","url":"https:\/\/www.camping-les-micocouliers-provence.fr\/de\/guenstige-campingplaetze-provence\/","name":"G\u00fcnstige Campingpl\u00e4tze Provence","isPartOf":{"@id":"https:\/\/www.camping-les-micocouliers-provence.fr\/#website"},"primaryImageOfPage":{"@id":"https:\/\/www.camping-les-micocouliers-provence.fr\/de\/guenstige-campingplaetze-provence\/#primaryimage"},"image":{"@id":"https:\/\/www.camping-les-micocouliers-provence.fr\/de\/guenstige-campingplaetze-provence\/#primaryimage"},"thumbnailUrl":"https:\/\/www.camping-les-micocouliers-provence.fr\/wp-content\/uploads\/2023\/02\/camping-petit-prix-provence.jpg","datePublished":"2023-03-06T13:47:01+00:00","dateModified":"2024-10-27T15:09:21+00:00","description":"G\u00fcnstige Campingpl\u00e4tze Provence. Les Micocouliers f\u00fcr einen Urlaub in der Ebene der Natur mit Pool, Bungalows, Zelt, Wohnmobil...","breadcrumb":{"@id":"https:\/\/www.camping-les-micocouliers-provence.fr\/de\/guenstige-campingplaetze-provence\/#breadcrumb"},"inLanguage":"de","potentialAction":[{"@type":"ReadAction","target":["https:\/\/www.camping-les-micocouliers-provence.fr\/de\/guenstige-campingplaetze-provence\/"]}]},{"@type":"ImageObject","inLanguage":"de","@id":"https:\/\/www.camping-les-micocouliers-provence.fr\/de\/guenstige-campingplaetze-provence\/#primaryimage","url":"https:\/\/www.camping-les-micocouliers-provence.fr\/wp-content\/uploads\/2023\/02\/camping-petit-prix-provence.jpg","contentUrl":"https:\/\/www.camping-les-micocouliers-provence.fr\/wp-content\/uploads\/2023\/02\/camping-petit-prix-provence.jpg","width":1903,"height":598,"caption":"camping petit prix provence"},{"@type":"BreadcrumbList","@id":"https:\/\/www.camping-les-micocouliers-provence.fr\/de\/guenstige-campingplaetze-provence\/#breadcrumb","itemListElement":[{"@type":"ListItem","position":1,"name":"Camping Provence","item":"https:\/\/www.camping-les-micocouliers-provence.fr\/de\/"},{"@type":"ListItem","position":2,"name":"Preisg\u00fcnstiger Campingplatz in der Provence"}]},{"@type":"WebSite","@id":"https:\/\/www.camping-les-micocouliers-provence.fr\/#website","url":"https:\/\/www.camping-les-micocouliers-provence.fr\/","name":"Camping Les Micocouliers","description":"","publisher":{"@id":"https:\/\/www.camping-les-micocouliers-provence.fr\/#organization"},"potentialAction":[{"@type":"SearchAction","target":{"@type":"EntryPoint","urlTemplate":"https:\/\/www.camping-les-micocouliers-provence.fr\/?s={search_term_string}"},"query-input":{"@type":"PropertyValueSpecification","valueRequired":true,"valueName":"search_term_string"}}],"inLanguage":"de"},{"@type":"Organization","@id":"https:\/\/www.camping-les-micocouliers-provence.fr\/#organization","name":"Camping Les Micocouliers","url":"https:\/\/www.camping-les-micocouliers-provence.fr\/","logo":{"@type":"ImageObject","inLanguage":"de","@id":"https:\/\/www.camping-les-micocouliers-provence.fr\/#\/schema\/logo\/image\/","url":"https:\/\/www.camping-les-micocouliers-provence.fr\/wp-content\/uploads\/2023\/01\/cropped-cropped-logo-camping-micocouliers.png","contentUrl":"https:\/\/www.camping-les-micocouliers-provence.fr\/wp-content\/uploads\/2023\/01\/cropped-cropped-logo-camping-micocouliers.png","width":1584,"height":622,"caption":"Camping Les Micocouliers"},"image":{"@id":"https:\/\/www.camping-les-micocouliers-provence.fr\/#\/schema\/logo\/image\/"},"sameAs":["https:\/\/www.facebook.com\/lesmicocouliersgraveson\/","https:\/\/www.instagram.com\/camping_les_micocouliers\/","https:\/\/www.tiktok.com\/@camping_les_micocouliers"]}]}},"_links":{"self":[{"href":"https:\/\/www.camping-les-micocouliers-provence.fr\/de\/wp-json\/wp\/v2\/pages\/1736","targetHints":{"allow":["GET"]}}],"collection":[{"href":"https:\/\/www.camping-les-micocouliers-provence.fr\/de\/wp-json\/wp\/v2\/pages"}],"about":[{"href":"https:\/\/www.camping-les-micocouliers-provence.fr\/de\/wp-json\/wp\/v2\/types\/page"}],"author":[{"embeddable":true,"href":"https:\/\/www.camping-les-micocouliers-provence.fr\/de\/wp-json\/wp\/v2\/users\/1"}],"replies":[{"embeddable":true,"href":"https:\/\/www.camping-les-micocouliers-provence.fr\/de\/wp-json\/wp\/v2\/comments?post=1736"}],"version-history":[{"count":10,"href":"https:\/\/www.camping-les-micocouliers-provence.fr\/de\/wp-json\/wp\/v2\/pages\/1736\/revisions"}],"predecessor-version":[{"id":2544,"href":"https:\/\/www.camping-les-micocouliers-provence.fr\/de\/wp-json\/wp\/v2\/pages\/1736\/revisions\/2544"}],"wp:featuredmedia":[{"embeddable":true,"href":"https:\/\/www.camping-les-micocouliers-provence.fr\/de\/wp-json\/wp\/v2\/media\/1562"}],"wp:attachment":[{"href":"https:\/\/www.camping-les-micocouliers-provence.fr\/de\/wp-json\/wp\/v2\/media?parent=1736"}],"wp:term":[{"taxonomy":"sujet","embeddable":true,"href":"https:\/\/www.camping-les-micocouliers-provence.fr\/de\/wp-json\/wp\/v2\/sujet?post=1736"}],"curies":[{"name":"wp","href":"https:\/\/api.w.org\/{rel}","templated":true}]}}